{"id":12577,"date":"2018-06-20T09:04:42","date_gmt":"2018-06-20T07:04:42","guid":{"rendered":"http:\/\/dse-dueren.de\/Shop_Schilder\/produkt\/messengerx-tischaufsteller-flach-fuer-papiereinlage-157-x-61-cm\/"},"modified":"2022-12-16T14:41:55","modified_gmt":"2022-12-16T13:41:55","slug":"messengerx-tischaufsteller-flach-fuer-papiereinlage-157-x-61-cm","status":"publish","type":"product","link":"https:\/\/dse-deutschland.de\/Shop_Schilder\/produkt\/messengerx-tischaufsteller-flach-fuer-papiereinlage-157-x-61-cm\/","title":{"rendered":"MessengerX Tischaufsteller, flach &#8211; f\u00fcr Papiereinlage (15,7 x 6,1 cm)"},"content":{"rendered":"<p>MessengerX Tischaufsteller, flach &#8211; f\u00fcr Papiereinlage (15,7 x 6,1 cm) Gr\u00f6\u00dfe (B x H x T): 15,1 x 6,0 x 3,0 cm<\/p>\n<p>Ausf\u00fchrung<br \/>\nTischaufsteller<br \/>\nProduktserie<br \/>\nMessengerX<br \/>\nMaterial Abdeckung<br \/>\nKunststoff<br \/>\nMaterial Halter<br \/>\nKunststoff<br \/>\nFarbe<br \/>\nschwarz<br \/>\nBreite [cm]<br \/>\n15,1<br \/>\nH\u00f6he [cm]<br \/>\n6<br \/>\nTiefe [cm]<br \/>\n3<br \/>\nBeschriftung<br \/>\nEinlage<br \/>\nEigenschaft<br \/>\nschneller Einlagenwechsel<br \/>\nVerschluss<br \/>\nKlemmverschluss<br \/>\nEinlage<br \/>\nPapier<br \/>\nEinsatzbereich<br \/>\nInnenbereich<\/p>\n<p>Die Messenger X-Schilderserie zeichnet sich neben der flachen Bauweise durch die Beschriftungsm\u00f6glichkeiten der Kopfleisten (RAL 5004) aus \u2013 Infotafeln, Fahnenschild und Deckenabh\u00e4ngung k\u00f6nnen individuell und dauerhaft beschriftet werden. T\u00fcrschilder, Tischaufsteller und Infotafeln k\u00f6nnen Sie durch einfach zu wechselnde Papiereinlagen jederzeit neu beschriften. Messenger X-Schilder sind somit die perfekten Informationstr\u00e4ger.<\/p>\n<p>sicherer Halt durch gro\u00dfen Standfu\u00df<br \/>\neinfaches Wechseln der Einlagen<\/p>\n<p>Bestell-Nr.: MO2070<\/p>\n","protected":false},"excerpt":{"rendered":"<p>MessengerX Tischaufsteller, flach &#8211; f\u00fcr Papiereinlage (15,7 x 6,1 cm) Gr\u00f6\u00dfe (B x H x T): 15,1 x 6,0 x 3,0 cm Ausf\u00fchrung Tischaufsteller Produktserie MessengerX Material Abdeckung Kunststoff Material Halter Kunststoff Farbe schwarz Breite [cm] 15,1 H\u00f6he [cm] 6 Tiefe [cm] 3 Beschriftung Einlage Eigenschaft schneller Einlagenwechsel Verschluss Klemmverschluss Einlage Papier Einsatzbereich Innenbereich Die [&hellip;]<\/p>\n","protected":false},"featured_media":12576,"template":"","meta":[],"product_brand":[],"product_cat":[190],"product_tag":[],"class_list":{"0":"post-12577","1":"product","2":"type-product","3":"status-publish","4":"has-post-thumbnail","6":"product_cat-messenger-x","8":"first","9":"instock","10":"taxable","11":"shipping-taxable","12":"purchasable","13":"product-type-simple"},"jetpack_sharing_enabled":true,"_links":{"self":[{"href":"https:\/\/dse-deutschland.de\/Shop_Schilder\/wp-json\/wp\/v2\/product\/12577","targetHints":{"allow":["GET"]}}],"collection":[{"href":"https:\/\/dse-deutschland.de\/Shop_Schilder\/wp-json\/wp\/v2\/product"}],"about":[{"href":"https:\/\/dse-deutschland.de\/Shop_Schilder\/wp-json\/wp\/v2\/types\/product"}],"wp:featuredmedia":[{"embeddable":true,"href":"https:\/\/dse-deutschland.de\/Shop_Schilder\/wp-json\/wp\/v2\/media\/12576"}],"wp:attachment":[{"href":"https:\/\/dse-deutschland.de\/Shop_Schilder\/wp-json\/wp\/v2\/media?parent=12577"}],"wp:term":[{"taxonomy":"product_brand","embeddable":true,"href":"https:\/\/dse-deutschland.de\/Shop_Schilder\/wp-json\/wp\/v2\/product_brand?post=12577"},{"taxonomy":"product_cat","embeddable":true,"href":"https:\/\/dse-deutschland.de\/Shop_Schilder\/wp-json\/wp\/v2\/product_cat?post=12577"},{"taxonomy":"product_tag","embeddable":true,"href":"https:\/\/dse-deutschland.de\/Shop_Schilder\/wp-json\/wp\/v2\/product_tag?post=12577"}],"curies":[{"name":"wp","href":"https:\/\/api.w.org\/{rel}","templated":true}]}}