{"id":12565,"date":"2018-06-20T09:04:38","date_gmt":"2018-06-20T07:04:38","guid":{"rendered":"http:\/\/dse-dueren.de\/Shop_Schilder\/produkt\/messengerx-wandschild-flach-fuer-papiereinlage-a4-quer-paneelfarbe-schwarz-ral-5004\/"},"modified":"2022-12-16T14:41:52","modified_gmt":"2022-12-16T13:41:52","slug":"messengerx-wandschild-flach-fuer-papiereinlage-a4-quer-paneelfarbe-schwarz-ral-5004","status":"publish","type":"product","link":"https:\/\/dse-deutschland.de\/Shop_Schilder\/produkt\/messengerx-wandschild-flach-fuer-papiereinlage-a4-quer-paneelfarbe-schwarz-ral-5004\/","title":{"rendered":"MessengerX Wandschild, flach &#8211; f\u00fcr Papiereinlage A4 quer Paneelfarbe: schwarz (RAL 5004)"},"content":{"rendered":"<p>MessengerX Wandschild, flach &#8211; f\u00fcr Papiereinlage A4 quer Paneelfarbe: schwarz (RAL 5004) Gr\u00f6\u00dfe (gesamt B x H x T): 31,7 x 28,5 x 1,0 cm<\/p>\n<p>Ausf\u00fchrung<br \/>\nInfotafel<br \/>\nGr\u00f6\u00dfe B x H x T in cm<br \/>\n31,7 x 28,5 x 1,0<br \/>\nProduktserie<br \/>\nMessengerX<br \/>\nMaterial Abdeckung<br \/>\nKunststoff<br \/>\nMaterial Halter<br \/>\nAluminium<br \/>\nFarbe<br \/>\nschwarz<br \/>\nBreite [cm]<br \/>\n31,7<br \/>\nH\u00f6he [cm]<br \/>\n28,5<br \/>\nTiefe [cm]<br \/>\n1<br \/>\nDIN Format<br \/>\nDIN A4<br \/>\nFormat<br \/>\nQuerformat<br \/>\nBefestigungsart<br \/>\nzum Verschrauben<br \/>\nBeschriftung<br \/>\nEinlage<br \/>\nEigenschaft<br \/>\nschneller Einlagenwechsel<br \/>\nVerschluss<br \/>\nKlemmverschluss<br \/>\nEinlage<br \/>\nPapier<br \/>\nEinsatzbereich<br \/>\nInnenbereich<\/p>\n<p>Die Messenger X-Schilderserie zeichnet sich neben der flachen Bauweise durch die Beschriftungsm\u00f6glichkeiten der Kopfleisten (RAL 5004) aus \u2013 Infotafeln, Fahnenschild und Deckenabh\u00e4ngung k\u00f6nnen individuell und dauerhaft beschriftet werden. T\u00fcrschilder, Tischaufsteller und Infotafeln k\u00f6nnen Sie durch einfach zu wechselnde Papiereinlagen jederzeit neu beschriften. Messenger X-Schilder sind somit die perfekten Informationstr\u00e4ger.<\/p>\n<p>robuster Aufbau<br \/>\ngeringer Montageaufwand<br \/>\neinfacher Einlagenwechsel<br \/>\nPaneele aus Aluminium<\/p>\n<p>Bestell-Nr.: MO2000<\/p>\n","protected":false},"excerpt":{"rendered":"<p>MessengerX Wandschild, flach &#8211; f\u00fcr Papiereinlage A4 quer Paneelfarbe: schwarz (RAL 5004) Gr\u00f6\u00dfe (gesamt B x H x T): 31,7 x 28,5 x 1,0 cm Ausf\u00fchrung Infotafel Gr\u00f6\u00dfe B x H x T in cm 31,7 x 28,5 x 1,0 Produktserie MessengerX Material Abdeckung Kunststoff Material Halter Aluminium Farbe schwarz Breite [cm] 31,7 H\u00f6he [cm] [&hellip;]<\/p>\n","protected":false},"featured_media":12564,"template":"","meta":[],"product_brand":[],"product_cat":[190],"product_tag":[],"class_list":{"0":"post-12565","1":"product","2":"type-product","3":"status-publish","4":"has-post-thumbnail","6":"product_cat-messenger-x","8":"first","9":"instock","10":"taxable","11":"shipping-taxable","12":"purchasable","13":"product-type-simple"},"jetpack_sharing_enabled":true,"_links":{"self":[{"href":"https:\/\/dse-deutschland.de\/Shop_Schilder\/wp-json\/wp\/v2\/product\/12565","targetHints":{"allow":["GET"]}}],"collection":[{"href":"https:\/\/dse-deutschland.de\/Shop_Schilder\/wp-json\/wp\/v2\/product"}],"about":[{"href":"https:\/\/dse-deutschland.de\/Shop_Schilder\/wp-json\/wp\/v2\/types\/product"}],"wp:featuredmedia":[{"embeddable":true,"href":"https:\/\/dse-deutschland.de\/Shop_Schilder\/wp-json\/wp\/v2\/media\/12564"}],"wp:attachment":[{"href":"https:\/\/dse-deutschland.de\/Shop_Schilder\/wp-json\/wp\/v2\/media?parent=12565"}],"wp:term":[{"taxonomy":"product_brand","embeddable":true,"href":"https:\/\/dse-deutschland.de\/Shop_Schilder\/wp-json\/wp\/v2\/product_brand?post=12565"},{"taxonomy":"product_cat","embeddable":true,"href":"https:\/\/dse-deutschland.de\/Shop_Schilder\/wp-json\/wp\/v2\/product_cat?post=12565"},{"taxonomy":"product_tag","embeddable":true,"href":"https:\/\/dse-deutschland.de\/Shop_Schilder\/wp-json\/wp\/v2\/product_tag?post=12565"}],"curies":[{"name":"wp","href":"https:\/\/api.w.org\/{rel}","templated":true}]}}