{"id":12508,"date":"2018-06-20T09:04:00","date_gmt":"2018-06-20T07:04:00","guid":{"rendered":"http:\/\/dse-dueren.de\/Shop_Schilder\/produkt\/frei-besetzt-anzeige-aus-eloxiertem-aluminium-zum-verkleben-inkl-schieber-zur-kennzeichnung-rot-besetzt-gruen-frei\/"},"modified":"2022-12-16T14:41:34","modified_gmt":"2022-12-16T13:41:34","slug":"frei-besetzt-anzeige-aus-eloxiertem-aluminium-zum-verkleben-inkl-schieber-zur-kennzeichnung-rot-besetzt-gruen-frei","status":"publish","type":"product","link":"https:\/\/dse-deutschland.de\/Shop_Schilder\/produkt\/frei-besetzt-anzeige-aus-eloxiertem-aluminium-zum-verkleben-inkl-schieber-zur-kennzeichnung-rot-besetzt-gruen-frei\/","title":{"rendered":"Frei-Besetzt Anzeige aus eloxiertem Aluminium, zum Verkleben inkl. Schieber zur Kennzeichnung (rot = besetzt, gr\u00fcn = frei)"},"content":{"rendered":"<p>Frei-Besetzt Anzeige aus eloxiertem Aluminium, zum Verkleben inkl. Schieber zur Kennzeichnung (rot = besetzt, gr\u00fcn = frei) Gr\u00f6\u00dfe (BxHxT): 15,0 x 4,0 x 0,4 cm<\/p>\n<p>Ausf\u00fchrung<br \/>\neloxiertes Aluminium<br \/>\nGr\u00f6\u00dfe H x B x T in cm<br \/>\n15,0 x 4,0 x 0,4<br \/>\nProduktserie<br \/>\nNew Age<br \/>\nMaterial Abdeckung<br \/>\nAluminium<br \/>\nMaterial Rahmen<br \/>\nAluminium<br \/>\nFarbe<br \/>\nsilber<br \/>\nBreite [cm]<br \/>\n15<br \/>\nH\u00f6he [cm]<br \/>\n4<br \/>\nTiefe [cm]<br \/>\n0,4<br \/>\nBefestigungsart<br \/>\nzum Verkleben<br \/>\nLieferung inkl.<br \/>\nBefestigungsmaterial<br \/>\nEinsatzbereich<br \/>\nInnenbereich<\/p>\n<p>Frei-\/Besetzt-Anzeige<\/p>\n<p>NA9021<\/p>\n<p>Bestell-Nr.: NA9010<\/p>\n","protected":false},"excerpt":{"rendered":"<p>Frei-Besetzt Anzeige aus eloxiertem Aluminium, zum Verkleben inkl. Schieber zur Kennzeichnung (rot = besetzt, gr\u00fcn = frei) Gr\u00f6\u00dfe (BxHxT): 15,0 x 4,0 x 0,4 cm Ausf\u00fchrung eloxiertes Aluminium Gr\u00f6\u00dfe H x B x T in cm 15,0 x 4,0 x 0,4 Produktserie New Age Material Abdeckung Aluminium Material Rahmen Aluminium Farbe silber Breite [cm] 15 [&hellip;]<\/p>\n","protected":false},"featured_media":12507,"template":"","meta":[],"product_brand":[],"product_cat":[186],"product_tag":[],"class_list":{"0":"post-12508","1":"product","2":"type-product","3":"status-publish","4":"has-post-thumbnail","6":"product_cat-change","8":"first","9":"instock","10":"taxable","11":"shipping-taxable","12":"purchasable","13":"product-type-simple"},"jetpack_sharing_enabled":true,"_links":{"self":[{"href":"https:\/\/dse-deutschland.de\/Shop_Schilder\/wp-json\/wp\/v2\/product\/12508","targetHints":{"allow":["GET"]}}],"collection":[{"href":"https:\/\/dse-deutschland.de\/Shop_Schilder\/wp-json\/wp\/v2\/product"}],"about":[{"href":"https:\/\/dse-deutschland.de\/Shop_Schilder\/wp-json\/wp\/v2\/types\/product"}],"wp:featuredmedia":[{"embeddable":true,"href":"https:\/\/dse-deutschland.de\/Shop_Schilder\/wp-json\/wp\/v2\/media\/12507"}],"wp:attachment":[{"href":"https:\/\/dse-deutschland.de\/Shop_Schilder\/wp-json\/wp\/v2\/media?parent=12508"}],"wp:term":[{"taxonomy":"product_brand","embeddable":true,"href":"https:\/\/dse-deutschland.de\/Shop_Schilder\/wp-json\/wp\/v2\/product_brand?post=12508"},{"taxonomy":"product_cat","embeddable":true,"href":"https:\/\/dse-deutschland.de\/Shop_Schilder\/wp-json\/wp\/v2\/product_cat?post=12508"},{"taxonomy":"product_tag","embeddable":true,"href":"https:\/\/dse-deutschland.de\/Shop_Schilder\/wp-json\/wp\/v2\/product_tag?post=12508"}],"curies":[{"name":"wp","href":"https:\/\/api.w.org\/{rel}","templated":true}]}}