{"id":12504,"date":"2018-06-20T09:03:59","date_gmt":"2018-06-20T07:03:59","guid":{"rendered":"http:\/\/dse-dueren.de\/Shop_Schilder\/produkt\/change-infotafeln-flache-bauweise-klare-linienfuehrung-kopfleiste-aus-aluminium-im-inox-look-abdeckung-aus-plexiglas\/"},"modified":"2022-12-16T14:41:34","modified_gmt":"2022-12-16T13:41:34","slug":"change-infotafeln-flache-bauweise-klare-linienfuehrung-kopfleiste-aus-aluminium-im-inox-look-abdeckung-aus-plexiglas","status":"publish","type":"product","link":"https:\/\/dse-deutschland.de\/Shop_Schilder\/produkt\/change-infotafeln-flache-bauweise-klare-linienfuehrung-kopfleiste-aus-aluminium-im-inox-look-abdeckung-aus-plexiglas\/","title":{"rendered":"CHANGE Infotafeln flache Bauweise, klare Linienf\u00fchrung: Kopfleiste aus Aluminium im Inox-Look, Abdeckung aus Plexiglas,"},"content":{"rendered":"<p>CHANGE Infotafeln flache Bauweise, klare Linienf\u00fchrung: Kopfleiste aus Aluminium im Inox-Look, Abdeckung aus Plexiglas, Gr\u00f6\u00dfe inkl. Kopfleiste: 21,0 x 32,9 x 0,8 cm<\/p>\n<p>&nbsp;<\/p>\n<p>Name<br \/>\nInfotafel A4 hoch<br \/>\nGr\u00f6\u00dfe<br \/>\n21,0 x 32,9 x 0,8 cm<br \/>\nProduktserie<br \/>\nChange<br \/>\nMaterial Abdeckung<br \/>\nKunststoff<br \/>\nMaterial Rahmen<br \/>\nAluminium<br \/>\nFarbe<br \/>\nsilber<br \/>\nBreite [cm]<br \/>\n21<br \/>\nH\u00f6he [cm]<br \/>\n32,9<br \/>\nTiefe [cm]<br \/>\n0,8<br \/>\nDIN Format<br \/>\nDIN A4<br \/>\nFormat<br \/>\nHochformat<br \/>\nBefestigungsart<br \/>\nzum Verschrauben<br \/>\nBeschriftung<br \/>\nEinlage<br \/>\nEigenschaft<br \/>\nschneller Einlagenwechsel<br \/>\nVerschluss<br \/>\nKlemmverschluss<br \/>\nEinlage<br \/>\nPapier<br \/>\nOberfl\u00e4che<br \/>\neloxiert<br \/>\nLieferung inkl.<br \/>\nBefestigungsmaterial<br \/>\nEinsatzbereich<br \/>\nInnenbereich<\/p>\n<p>Change<br \/>\nDie Schilderserie Change besteht aus einem hochwertigem Plexiglas und einer Kopfleiste in Edelstahloptik. Die ausgefeilte Verschlusstechnik l\u00e4sst sich leicht \u00f6ffnen und garantiert einen schnellen Wechsel der Einlage. Die Kopfleiste kann dauerhaft beschriftet werden und erm\u00f6glicht somit eine individuelle Schildergestaltung.<\/p>\n<p>Korpus und Kopfleiste aus hochwertigem Aluminium<br \/>\nKopfleiste im Inox-Look<br \/>\nAbdeckung aus Plexiglas<br \/>\nverdeckte Montage an der Wand<br \/>\nEinlagenwechsel durch seitliches Verschieben der Kopfleiste ohne Werkzeug m\u00f6glich<br \/>\ndauerhafte Beschriftung der Kopfleiste m\u00f6glich<br \/>\nBeschriftungsm\u00f6glichkeiten: Creativpapier, Folieneinlage, Folientext oder Gravur\/Laser<\/p>\n<p>Bestell-Nr.: CH1040<\/p>\n","protected":false},"excerpt":{"rendered":"<p>CHANGE Infotafeln flache Bauweise, klare Linienf\u00fchrung: Kopfleiste aus Aluminium im Inox-Look, Abdeckung aus Plexiglas, Gr\u00f6\u00dfe inkl. Kopfleiste: 21,0 x 32,9 x 0,8 cm &nbsp; Name Infotafel A4 hoch Gr\u00f6\u00dfe 21,0 x 32,9 x 0,8 cm Produktserie Change Material Abdeckung Kunststoff Material Rahmen Aluminium Farbe silber Breite [cm] 21 H\u00f6he [cm] 32,9 Tiefe [cm] 0,8 DIN [&hellip;]<\/p>\n","protected":false},"featured_media":12503,"template":"","meta":[],"product_brand":[],"product_cat":[186],"product_tag":[],"class_list":{"0":"post-12504","1":"product","2":"type-product","3":"status-publish","4":"has-post-thumbnail","6":"product_cat-change","8":"first","9":"instock","10":"taxable","11":"shipping-taxable","12":"purchasable","13":"product-type-simple"},"jetpack_sharing_enabled":true,"_links":{"self":[{"href":"https:\/\/dse-deutschland.de\/Shop_Schilder\/wp-json\/wp\/v2\/product\/12504","targetHints":{"allow":["GET"]}}],"collection":[{"href":"https:\/\/dse-deutschland.de\/Shop_Schilder\/wp-json\/wp\/v2\/product"}],"about":[{"href":"https:\/\/dse-deutschland.de\/Shop_Schilder\/wp-json\/wp\/v2\/types\/product"}],"wp:featuredmedia":[{"embeddable":true,"href":"https:\/\/dse-deutschland.de\/Shop_Schilder\/wp-json\/wp\/v2\/media\/12503"}],"wp:attachment":[{"href":"https:\/\/dse-deutschland.de\/Shop_Schilder\/wp-json\/wp\/v2\/media?parent=12504"}],"wp:term":[{"taxonomy":"product_brand","embeddable":true,"href":"https:\/\/dse-deutschland.de\/Shop_Schilder\/wp-json\/wp\/v2\/product_brand?post=12504"},{"taxonomy":"product_cat","embeddable":true,"href":"https:\/\/dse-deutschland.de\/Shop_Schilder\/wp-json\/wp\/v2\/product_cat?post=12504"},{"taxonomy":"product_tag","embeddable":true,"href":"https:\/\/dse-deutschland.de\/Shop_Schilder\/wp-json\/wp\/v2\/product_tag?post=12504"}],"curies":[{"name":"wp","href":"https:\/\/api.w.org\/{rel}","templated":true}]}}