{"id":12494,"date":"2018-06-20T09:03:44","date_gmt":"2018-06-20T07:03:44","guid":{"rendered":"http:\/\/dse-dueren.de\/Shop_Schilder\/produkt\/lite-secure-bodenaufsteller-mit-infotafel-din-a3-hoch-silber-mattes-aluminiumprofil-bodenaufsteller-mit-spannseil-set-bestehend-aus-bodenaufsteller-infotafel-lt2050\/"},"modified":"2022-12-16T14:41:31","modified_gmt":"2022-12-16T13:41:31","slug":"lite-secure-bodenaufsteller-mit-infotafel-din-a3-hoch-silber-mattes-aluminiumprofil-bodenaufsteller-mit-spannseil-set-bestehend-aus-bodenaufsteller-infotafel-lt2050","status":"publish","type":"product","link":"https:\/\/dse-deutschland.de\/Shop_Schilder\/produkt\/lite-secure-bodenaufsteller-mit-infotafel-din-a3-hoch-silber-mattes-aluminiumprofil-bodenaufsteller-mit-spannseil-set-bestehend-aus-bodenaufsteller-infotafel-lt2050\/","title":{"rendered":"LITE SECURE Bodenaufsteller mit Infotafel DIN A3 hoch silber mattes Aluminiumprofil, Bodenaufsteller mit Spannseil, Set bestehend aus Bodenaufsteller + Infotafel LT2050"},"content":{"rendered":"<p>LITE SECURE Bodenaufsteller mit Infotafel DIN A3 hoch silber mattes Aluminiumprofil, Bodenaufsteller mit Spannseil, Set bestehend aus Bodenaufsteller + Infotafel LT2050 Aufsteller: (BxHxT): 21,0 x 127,0 x 42,0 cm, Infotafel: (BxH): 30,2 x 42,5 cm<\/p>\n<p>Gr\u00f6\u00dfe B x H x T in cm<br \/>\n30,2 x 127,0 x 42,0<br \/>\nAusf\u00fchrung<br \/>\nBodenaufsteller mit Infotafel A3<br \/>\nProduktserie<br \/>\nLite Secure<br \/>\nMaterial Abdeckung<br \/>\nKunststoff<br \/>\nMaterial Rahmen<br \/>\nStahl<br \/>\nFarbe<br \/>\nsilber<br \/>\nBreite [cm]<br \/>\n21<br \/>\nH\u00f6he [cm]<br \/>\n127<br \/>\nTiefe [cm]<br \/>\n42<br \/>\nDIN Format<br \/>\nDIN A3<br \/>\nFormat<br \/>\nHochformat<br \/>\nBeschriftung<br \/>\nEinlage<br \/>\nEigenschaft<br \/>\ndiebstahlsicher<br \/>\nVerschluss<br \/>\nKlemmverschluss<br \/>\nEinlage<br \/>\nPapier<br \/>\nEinsatzbereich<br \/>\nInnenbereich<\/p>\n<p>Bodenaufsteller mit Spannseil und Infotafel Lite<\/p>\n<p>Bestell-Nr.: LT3065<\/p>\n","protected":false},"excerpt":{"rendered":"<p>LITE SECURE Bodenaufsteller mit Infotafel DIN A3 hoch silber mattes Aluminiumprofil, Bodenaufsteller mit Spannseil, Set bestehend aus Bodenaufsteller + Infotafel LT2050 Aufsteller: (BxHxT): 21,0 x 127,0 x 42,0 cm, Infotafel: (BxH): 30,2 x 42,5 cm Gr\u00f6\u00dfe B x H x T in cm 30,2 x 127,0 x 42,0 Ausf\u00fchrung Bodenaufsteller mit Infotafel A3 Produktserie Lite [&hellip;]<\/p>\n","protected":false},"featured_media":12493,"template":"","meta":[],"product_brand":[],"product_cat":[185],"product_tag":[],"class_list":{"0":"post-12494","1":"product","2":"type-product","3":"status-publish","4":"has-post-thumbnail","6":"product_cat-lite-secure","8":"first","9":"instock","10":"taxable","11":"shipping-taxable","12":"purchasable","13":"product-type-simple"},"jetpack_sharing_enabled":true,"_links":{"self":[{"href":"https:\/\/dse-deutschland.de\/Shop_Schilder\/wp-json\/wp\/v2\/product\/12494","targetHints":{"allow":["GET"]}}],"collection":[{"href":"https:\/\/dse-deutschland.de\/Shop_Schilder\/wp-json\/wp\/v2\/product"}],"about":[{"href":"https:\/\/dse-deutschland.de\/Shop_Schilder\/wp-json\/wp\/v2\/types\/product"}],"wp:featuredmedia":[{"embeddable":true,"href":"https:\/\/dse-deutschland.de\/Shop_Schilder\/wp-json\/wp\/v2\/media\/12493"}],"wp:attachment":[{"href":"https:\/\/dse-deutschland.de\/Shop_Schilder\/wp-json\/wp\/v2\/media?parent=12494"}],"wp:term":[{"taxonomy":"product_brand","embeddable":true,"href":"https:\/\/dse-deutschland.de\/Shop_Schilder\/wp-json\/wp\/v2\/product_brand?post=12494"},{"taxonomy":"product_cat","embeddable":true,"href":"https:\/\/dse-deutschland.de\/Shop_Schilder\/wp-json\/wp\/v2\/product_cat?post=12494"},{"taxonomy":"product_tag","embeddable":true,"href":"https:\/\/dse-deutschland.de\/Shop_Schilder\/wp-json\/wp\/v2\/product_tag?post=12494"}],"curies":[{"name":"wp","href":"https:\/\/api.w.org\/{rel}","templated":true}]}}