{"id":12478,"date":"2018-06-20T09:03:38","date_gmt":"2018-06-20T07:03:38","guid":{"rendered":"http:\/\/dse-dueren.de\/Shop_Schilder\/produkt\/lite-secure-tuerschild-stilvolle-beschilderung-aus-acrylglas-und-edelstahl-mit-einlagensicherung-durch-feststellschraube\/"},"modified":"2022-12-16T14:41:25","modified_gmt":"2022-12-16T13:41:25","slug":"lite-secure-tuerschild-stilvolle-beschilderung-aus-acrylglas-und-edelstahl-mit-einlagensicherung-durch-feststellschraube","status":"publish","type":"product","link":"https:\/\/dse-deutschland.de\/Shop_Schilder\/produkt\/lite-secure-tuerschild-stilvolle-beschilderung-aus-acrylglas-und-edelstahl-mit-einlagensicherung-durch-feststellschraube\/","title":{"rendered":"LITE Secure T\u00fcrschild stilvolle Beschilderung aus Acrylglas und Edelstahl, mit Einlagensicherung durch Feststellschraube,"},"content":{"rendered":"<p>LITE Secure T\u00fcrschild stilvolle Beschilderung aus Acrylglas und Edelstahl, mit Einlagensicherung durch Feststellschraube, Gr\u00f6\u00dfe (BxHxT): 11,8 x 11,6 x 0,7 cm<\/p>\n<p>&nbsp;<\/p>\n<p>Name<br \/>\nT\u00fcrschild<br \/>\nGr\u00f6\u00dfe<br \/>\n11,8 x 11,6 x 0,7 cm<br \/>\nProduktserie<br \/>\nLite Secure<br \/>\nMaterial Abdeckung<br \/>\nKunststoff<br \/>\nMaterial Rahmen<br \/>\nStahl<br \/>\nFarbe<br \/>\nsilber<br \/>\nBreite [cm]<br \/>\n11,8<br \/>\nH\u00f6he [cm]<br \/>\n11,6<br \/>\nTiefe [cm]<br \/>\n0,7<br \/>\nBefestigungsart<br \/>\nzum Verschrauben | zum Verkleben<br \/>\nBeschriftung<br \/>\nEinlage<br \/>\nEigenschaft<br \/>\ndiebstahlsicher<br \/>\nVerschluss<br \/>\nKlemmverschluss<br \/>\nEinlage<br \/>\nPapier<br \/>\nLieferung inkl.<br \/>\nBefestigungsmaterial<br \/>\nEinsatzbereich<br \/>\nInnenbereich<\/p>\n<p>Lite + Lite Secure<br \/>\nDie Mischung aus Stahl und Acrylglas machen die Schilderserie Lite zu einem hochwertigen und elegantem Informationstr\u00e4ger. Durch die vielen unterschiedlichen Gr\u00f6\u00dfen lassen sich alle Bereiche innerhalb eines Geb\u00e4udes individuell kennzeichnen. Die Ausf\u00fchrung Lite Secure ist zus\u00e4tzlich mit einer Sechskant-Schraube gegen unerw\u00fcnschte Zugriffe gesichert. Somit sind die Schilder f\u00fcr \u00d6ffentliche B\u00fcros, Schulen und Universit\u00e4ten bestens geeignet.<\/p>\n<p>Bestell-Nr.: LT2005<\/p>\n","protected":false},"excerpt":{"rendered":"<p>LITE Secure T\u00fcrschild stilvolle Beschilderung aus Acrylglas und Edelstahl, mit Einlagensicherung durch Feststellschraube, Gr\u00f6\u00dfe (BxHxT): 11,8 x 11,6 x 0,7 cm &nbsp; Name T\u00fcrschild Gr\u00f6\u00dfe 11,8 x 11,6 x 0,7 cm Produktserie Lite Secure Material Abdeckung Kunststoff Material Rahmen Stahl Farbe silber Breite [cm] 11,8 H\u00f6he [cm] 11,6 Tiefe [cm] 0,7 Befestigungsart zum Verschrauben | [&hellip;]<\/p>\n","protected":false},"featured_media":12477,"template":"","meta":[],"product_brand":[],"product_cat":[185],"product_tag":[],"class_list":{"0":"post-12478","1":"product","2":"type-product","3":"status-publish","4":"has-post-thumbnail","6":"product_cat-lite-secure","8":"first","9":"instock","10":"taxable","11":"shipping-taxable","12":"purchasable","13":"product-type-simple"},"jetpack_sharing_enabled":true,"_links":{"self":[{"href":"https:\/\/dse-deutschland.de\/Shop_Schilder\/wp-json\/wp\/v2\/product\/12478","targetHints":{"allow":["GET"]}}],"collection":[{"href":"https:\/\/dse-deutschland.de\/Shop_Schilder\/wp-json\/wp\/v2\/product"}],"about":[{"href":"https:\/\/dse-deutschland.de\/Shop_Schilder\/wp-json\/wp\/v2\/types\/product"}],"wp:featuredmedia":[{"embeddable":true,"href":"https:\/\/dse-deutschland.de\/Shop_Schilder\/wp-json\/wp\/v2\/media\/12477"}],"wp:attachment":[{"href":"https:\/\/dse-deutschland.de\/Shop_Schilder\/wp-json\/wp\/v2\/media?parent=12478"}],"wp:term":[{"taxonomy":"product_brand","embeddable":true,"href":"https:\/\/dse-deutschland.de\/Shop_Schilder\/wp-json\/wp\/v2\/product_brand?post=12478"},{"taxonomy":"product_cat","embeddable":true,"href":"https:\/\/dse-deutschland.de\/Shop_Schilder\/wp-json\/wp\/v2\/product_cat?post=12478"},{"taxonomy":"product_tag","embeddable":true,"href":"https:\/\/dse-deutschland.de\/Shop_Schilder\/wp-json\/wp\/v2\/product_tag?post=12478"}],"curies":[{"name":"wp","href":"https:\/\/api.w.org\/{rel}","templated":true}]}}