{"id":12311,"date":"2018-06-20T09:01:57","date_gmt":"2018-06-20T07:01:57","guid":{"rendered":"http:\/\/dse-dueren.de\/Shop_Schilder\/produkt\/schiebetuer-schaukasten-sn-mit-spitzen-ecken-innenbereich-silberfarbig-eloxiert-esg-sicherheitsglas-rueckwand-magnet-5\/"},"modified":"2022-12-16T14:40:33","modified_gmt":"2022-12-16T13:40:33","slug":"schiebetuer-schaukasten-sn-mit-spitzen-ecken-innenbereich-silberfarbig-eloxiert-esg-sicherheitsglas-rueckwand-magnet-5","status":"publish","type":"product","link":"https:\/\/dse-deutschland.de\/Shop_Schilder\/produkt\/schiebetuer-schaukasten-sn-mit-spitzen-ecken-innenbereich-silberfarbig-eloxiert-esg-sicherheitsglas-rueckwand-magnet-5\/","title":{"rendered":"Schiebet\u00fcr-Schaukasten SN mit spitzen Ecken, Innenbereich silberfarbig eloxiert, ESG-Sicherheitsglas, R\u00fcckwand magnet."},"content":{"rendered":"<p>Schiebet\u00fcr-Schaukasten SN mit spitzen Ecken, Innenbereich silberfarbig eloxiert, ESG-Sicherheitsglas, R\u00fcckwand magnet. Ma\u00dfe (B x H): 200 x 106 cm<\/p>\n","protected":false},"excerpt":{"rendered":"<p>Schiebet\u00fcr-Schaukasten SN mit spitzen Ecken, Innenbereich silberfarbig eloxiert, ESG-Sicherheitsglas, R\u00fcckwand magnet. Ma\u00dfe (B x H): 200 x 106 cm<\/p>\n","protected":false},"featured_media":12306,"template":"","meta":[],"product_brand":[],"product_cat":[178],"product_tag":[],"class_list":{"0":"post-12311","1":"product","2":"type-product","3":"status-publish","4":"has-post-thumbnail","6":"product_cat-schaukaesten-innenbereich","8":"first","9":"instock","10":"taxable","11":"shipping-taxable","12":"purchasable","13":"product-type-simple"},"jetpack_sharing_enabled":true,"_links":{"self":[{"href":"https:\/\/dse-deutschland.de\/Shop_Schilder\/wp-json\/wp\/v2\/product\/12311","targetHints":{"allow":["GET"]}}],"collection":[{"href":"https:\/\/dse-deutschland.de\/Shop_Schilder\/wp-json\/wp\/v2\/product"}],"about":[{"href":"https:\/\/dse-deutschland.de\/Shop_Schilder\/wp-json\/wp\/v2\/types\/product"}],"wp:featuredmedia":[{"embeddable":true,"href":"https:\/\/dse-deutschland.de\/Shop_Schilder\/wp-json\/wp\/v2\/media\/12306"}],"wp:attachment":[{"href":"https:\/\/dse-deutschland.de\/Shop_Schilder\/wp-json\/wp\/v2\/media?parent=12311"}],"wp:term":[{"taxonomy":"product_brand","embeddable":true,"href":"https:\/\/dse-deutschland.de\/Shop_Schilder\/wp-json\/wp\/v2\/product_brand?post=12311"},{"taxonomy":"product_cat","embeddable":true,"href":"https:\/\/dse-deutschland.de\/Shop_Schilder\/wp-json\/wp\/v2\/product_cat?post=12311"},{"taxonomy":"product_tag","embeddable":true,"href":"https:\/\/dse-deutschland.de\/Shop_Schilder\/wp-json\/wp\/v2\/product_tag?post=12311"}],"curies":[{"name":"wp","href":"https:\/\/api.w.org\/{rel}","templated":true}]}}