{"id":12307,"date":"2018-06-20T09:01:56","date_gmt":"2018-06-20T07:01:56","guid":{"rendered":"http:\/\/dse-dueren.de\/Shop_Schilder\/produkt\/schiebetuer-schaukasten-sn-mit-spitzen-ecken-innenbereich-silberfarbig-eloxiert-esg-sicherheitsglas-rueckwand-magnet\/"},"modified":"2022-12-16T14:40:32","modified_gmt":"2022-12-16T13:40:32","slug":"schiebetuer-schaukasten-sn-mit-spitzen-ecken-innenbereich-silberfarbig-eloxiert-esg-sicherheitsglas-rueckwand-magnet","status":"publish","type":"product","link":"https:\/\/dse-deutschland.de\/Shop_Schilder\/produkt\/schiebetuer-schaukasten-sn-mit-spitzen-ecken-innenbereich-silberfarbig-eloxiert-esg-sicherheitsglas-rueckwand-magnet\/","title":{"rendered":"Schiebet\u00fcr-Schaukasten SN mit spitzen Ecken, Innenbereich silberfarbig eloxiert, ESG-Sicherheitsglas, R\u00fcckwand magnet."},"content":{"rendered":"<p>Schiebet\u00fcr-Schaukasten SN mit spitzen Ecken, Innenbereich silberfarbig eloxiert, ESG-Sicherheitsglas, R\u00fcckwand magnet. Ma\u00dfe (B x H): 79 x 79 cm<\/p>\n<p>Ausf\u00fchrung<br \/>\nSN, Ecken spitz<br \/>\nSichtfl\u00e4che B x H in cm<br \/>\n74,0 x 72,5<br \/>\nAu\u00dfenma\u00df B x H in cm<br \/>\n79,0 x 79,0<br \/>\nDokumentenanzahl, DIN A4<br \/>\n(nebeneinander)<br \/>\n2 x 3 DIN A4<br \/>\nFormat<br \/>\nQuerformat<br \/>\nDIN Format<br \/>\nDIN A4<br \/>\nEcken<br \/>\nspitz<br \/>\nSeiten<br \/>\neinseitig<br \/>\nBreite [cm]<br \/>\n79<br \/>\nH\u00f6he [cm]<br \/>\n79<br \/>\nBautiefe [cm]<br \/>\n3,3<br \/>\nInnenbreite [cm]<br \/>\n74<br \/>\nInnenh\u00f6he [cm]<br \/>\n72,5<br \/>\nInnentiefe [cm]<br \/>\n3,3<br \/>\nMaterial Rahmen<br \/>\nAluminium<br \/>\nOberfl\u00e4che<br \/>\neloxiert<br \/>\nT\u00fcr<br \/>\nSchiebet\u00fcr<br \/>\nDIN A4 Dokumentenanzahl<br \/>\n6<br \/>\nEigenschaft<br \/>\nmagnetisch | abschlie\u00dfbar<br \/>\nMontageort<br \/>\nWand<br \/>\nBefestigungsart<br \/>\nzum verschrauben<br \/>\nEinsatzbereich<br \/>\nInnenbereich | Au\u00dfenbereich<br \/>\nAusstattung<br \/>\nESG-Sicherheitsglas<\/p>\n<p>zur Wandmontage im Innenbereich<br \/>\nrollengelagerte, diebstahlgesch\u00fctzte Glas-Schiebet\u00fcren aus ESG-Sicherheitsglas<br \/>\nabschlie\u00dfbar \u00fcber Druckzylinderschloss<br \/>\nwahlweise mit spitzen oder abgerundeten Ecken aus Zink-Druckguss erh\u00e4ltlich<br \/>\nBautiefe 33 mm<br \/>\nalu-silberfarbig eloxiert<br \/>\nkratzfeste und magnethaftende R\u00fcckwand, silber<br \/>\nIm Lieferumfang sind 4 Magnete sowie 2 Schl\u00fcssel enthalten.<\/p>\n<p>Bestell-Nr.: SW5391<\/p>\n","protected":false},"excerpt":{"rendered":"<p>Schiebet\u00fcr-Schaukasten SN mit spitzen Ecken, Innenbereich silberfarbig eloxiert, ESG-Sicherheitsglas, R\u00fcckwand magnet. Ma\u00dfe (B x H): 79 x 79 cm Ausf\u00fchrung SN, Ecken spitz Sichtfl\u00e4che B x H in cm 74,0 x 72,5 Au\u00dfenma\u00df B x H in cm 79,0 x 79,0 Dokumentenanzahl, DIN A4 (nebeneinander) 2 x 3 DIN A4 Format Querformat DIN Format DIN [&hellip;]<\/p>\n","protected":false},"featured_media":12306,"template":"","meta":[],"product_brand":[],"product_cat":[178],"product_tag":[],"class_list":{"0":"post-12307","1":"product","2":"type-product","3":"status-publish","4":"has-post-thumbnail","6":"product_cat-schaukaesten-innenbereich","8":"first","9":"instock","10":"taxable","11":"shipping-taxable","12":"purchasable","13":"product-type-simple"},"jetpack_sharing_enabled":true,"_links":{"self":[{"href":"https:\/\/dse-deutschland.de\/Shop_Schilder\/wp-json\/wp\/v2\/product\/12307","targetHints":{"allow":["GET"]}}],"collection":[{"href":"https:\/\/dse-deutschland.de\/Shop_Schilder\/wp-json\/wp\/v2\/product"}],"about":[{"href":"https:\/\/dse-deutschland.de\/Shop_Schilder\/wp-json\/wp\/v2\/types\/product"}],"wp:featuredmedia":[{"embeddable":true,"href":"https:\/\/dse-deutschland.de\/Shop_Schilder\/wp-json\/wp\/v2\/media\/12306"}],"wp:attachment":[{"href":"https:\/\/dse-deutschland.de\/Shop_Schilder\/wp-json\/wp\/v2\/media?parent=12307"}],"wp:term":[{"taxonomy":"product_brand","embeddable":true,"href":"https:\/\/dse-deutschland.de\/Shop_Schilder\/wp-json\/wp\/v2\/product_brand?post=12307"},{"taxonomy":"product_cat","embeddable":true,"href":"https:\/\/dse-deutschland.de\/Shop_Schilder\/wp-json\/wp\/v2\/product_cat?post=12307"},{"taxonomy":"product_tag","embeddable":true,"href":"https:\/\/dse-deutschland.de\/Shop_Schilder\/wp-json\/wp\/v2\/product_tag?post=12307"}],"curies":[{"name":"wp","href":"https:\/\/api.w.org\/{rel}","templated":true}]}}