{"id":12300,"date":"2018-06-20T09:01:53","date_gmt":"2018-06-20T07:01:53","guid":{"rendered":"http:\/\/dse-dueren.de\/Shop_Schilder\/produkt\/organisationstafel-orgastar-innenbereich-silberfarbig-eloxiert-rueckwand-magnetisch-bautiefe-40-mm-2\/"},"modified":"2022-12-16T14:40:30","modified_gmt":"2022-12-16T13:40:30","slug":"organisationstafel-orgastar-innenbereich-silberfarbig-eloxiert-rueckwand-magnetisch-bautiefe-40-mm-2","status":"publish","type":"product","link":"https:\/\/dse-deutschland.de\/Shop_Schilder\/produkt\/organisationstafel-orgastar-innenbereich-silberfarbig-eloxiert-rueckwand-magnetisch-bautiefe-40-mm-2\/","title":{"rendered":"Organisationstafel ORGASTAR Innenbereich silberfarbig eloxiert R\u00fcckwand magnetisch, Bautiefe 40 mm"},"content":{"rendered":"<p>Organisationstafel ORGASTAR Innenbereich silberfarbig eloxiert R\u00fcckwand magnetisch, Bautiefe 40 mm Ma\u00dfe (B x H): 110 x 80 cm<\/p>\n<p>Ausf\u00fchrung<br \/>\noffen<br \/>\nSichtfl\u00e4che B x H in cm<br \/>\n106,0 x 76,0<br \/>\nAu\u00dfenma\u00df B x H in cm<br \/>\n110,0 x 80,0<br \/>\nDokumentenanzahl, DIN A4<br \/>\n(nebeneinander)<br \/>\n2 x 5 DIN A4<br \/>\nFormat<br \/>\nQuerformat<br \/>\nDIN Format<br \/>\nDIN A4<br \/>\nEcken<br \/>\nspitz<br \/>\nSeiten<br \/>\neinseitig<br \/>\nBreite [cm]<br \/>\n110<br \/>\nH\u00f6he [cm]<br \/>\n80<br \/>\nBautiefe [cm]<br \/>\n4<br \/>\nInnenbreite [cm]<br \/>\n106<br \/>\nInnenh\u00f6he [cm]<br \/>\n76<br \/>\nInnentiefe [cm]<br \/>\n2,8<br \/>\nMaterial Rahmen<br \/>\nAluminium<br \/>\nOberfl\u00e4che<br \/>\neloxiert<br \/>\nT\u00fcr<br \/>\noffen<br \/>\nDIN A4 Dokumentenanzahl<br \/>\n10<br \/>\nEigenschaft<br \/>\nmagnetisch<br \/>\nMontageort<br \/>\nWand<br \/>\nBefestigungsartzum verschrauben<br \/>\nEinsatzbereich<br \/>\nInnenbereich<\/p>\n<p>zur Wandmontage im Innenbereich<br \/>\nzur \u00fcbersichtlichen Pr\u00e4sentation<br \/>\n40 mm Bautiefe<br \/>\nalu-silberfarbig eloxiert<br \/>\nmagnethaftende R\u00fcckwand, beschreibbar<br \/>\nauch erh\u00e4ltlich mit abschlie\u00dfbaren ESG-Glast\u00fcren (abschlie\u00dfbar \u00fcber Schiebe-Sperrschloss mit zwei Schl\u00fcsseln)<\/p>\n<p>Bestell-Nr.: SW3456<\/p>\n","protected":false},"excerpt":{"rendered":"<p>Organisationstafel ORGASTAR Innenbereich silberfarbig eloxiert R\u00fcckwand magnetisch, Bautiefe 40 mm Ma\u00dfe (B x H): 110 x 80 cm Ausf\u00fchrung offen Sichtfl\u00e4che B x H in cm 106,0 x 76,0 Au\u00dfenma\u00df B x H in cm 110,0 x 80,0 Dokumentenanzahl, DIN A4 (nebeneinander) 2 x 5 DIN A4 Format Querformat DIN Format DIN A4 Ecken spitz [&hellip;]<\/p>\n","protected":false},"featured_media":12298,"template":"","meta":[],"product_brand":[],"product_cat":[178],"product_tag":[],"class_list":{"0":"post-12300","1":"product","2":"type-product","3":"status-publish","4":"has-post-thumbnail","6":"product_cat-schaukaesten-innenbereich","8":"first","9":"instock","10":"taxable","11":"shipping-taxable","12":"purchasable","13":"product-type-simple"},"jetpack_sharing_enabled":true,"_links":{"self":[{"href":"https:\/\/dse-deutschland.de\/Shop_Schilder\/wp-json\/wp\/v2\/product\/12300","targetHints":{"allow":["GET"]}}],"collection":[{"href":"https:\/\/dse-deutschland.de\/Shop_Schilder\/wp-json\/wp\/v2\/product"}],"about":[{"href":"https:\/\/dse-deutschland.de\/Shop_Schilder\/wp-json\/wp\/v2\/types\/product"}],"wp:featuredmedia":[{"embeddable":true,"href":"https:\/\/dse-deutschland.de\/Shop_Schilder\/wp-json\/wp\/v2\/media\/12298"}],"wp:attachment":[{"href":"https:\/\/dse-deutschland.de\/Shop_Schilder\/wp-json\/wp\/v2\/media?parent=12300"}],"wp:term":[{"taxonomy":"product_brand","embeddable":true,"href":"https:\/\/dse-deutschland.de\/Shop_Schilder\/wp-json\/wp\/v2\/product_brand?post=12300"},{"taxonomy":"product_cat","embeddable":true,"href":"https:\/\/dse-deutschland.de\/Shop_Schilder\/wp-json\/wp\/v2\/product_cat?post=12300"},{"taxonomy":"product_tag","embeddable":true,"href":"https:\/\/dse-deutschland.de\/Shop_Schilder\/wp-json\/wp\/v2\/product_tag?post=12300"}],"curies":[{"name":"wp","href":"https:\/\/api.w.org\/{rel}","templated":true}]}}