{"id":12291,"date":"2018-06-20T09:01:50","date_gmt":"2018-06-20T07:01:50","guid":{"rendered":"http:\/\/dse-dueren.de\/Shop_Schilder\/produkt\/wsm-schaukasten-softline-bsk-fuer-den-inneneinsatz-mit-abgerundetem-profil-alu-silber-eloxiert-acrylglasscheibe-abschliessbar-2\/"},"modified":"2022-12-16T14:40:26","modified_gmt":"2022-12-16T13:40:26","slug":"wsm-schaukasten-softline-bsk-fuer-den-inneneinsatz-mit-abgerundetem-profil-alu-silber-eloxiert-acrylglasscheibe-abschliessbar-2","status":"publish","type":"product","link":"https:\/\/dse-deutschland.de\/Shop_Schilder\/produkt\/wsm-schaukasten-softline-bsk-fuer-den-inneneinsatz-mit-abgerundetem-profil-alu-silber-eloxiert-acrylglasscheibe-abschliessbar-2\/","title":{"rendered":"WSM Schaukasten SOFTLINE BSK f\u00fcr den Inneneinsatz mit abgerundetem Profil alu-silber eloxiert, Acrylglasscheibe, abschlie\u00dfbar,"},"content":{"rendered":"<p>WSM Schaukasten SOFTLINE BSK f\u00fcr den Inneneinsatz mit abgerundetem Profil alu-silber eloxiert, Acrylglasscheibe, abschlie\u00dfbar, Au\u00dfenma\u00df (BxHxT ): 50,4 x 37,4 x 2,2 cm (2 x A4)<\/p>\n<p>Ausf\u00fchrung<br \/>\nDrehfl\u00fcgelt\u00fcr mit Aluminium-Rahmen<br \/>\nAu\u00dfenma\u00df B x H in cm<br \/>\n50,4 x 37,4<br \/>\nDokumentenanzahl, DIN A4<br \/>\n(nebeneinander)<br \/>\n2 A4<br \/>\nFormat<br \/>\nQuerformat<br \/>\nDIN Format<br \/>\nDIN A4<br \/>\nEcken<br \/>\nspitz<br \/>\nSeiten<br \/>\neinseitig<br \/>\nBreite [cm]<br \/>\n50,4<br \/>\nH\u00f6he [cm]<br \/>\n37,4<br \/>\nBautiefe [cm]<br \/>\n2,2<br \/>\nInnenbreite [cm]<br \/>\n42<br \/>\nInnenh\u00f6he [cm]<br \/>\n29,7<br \/>\nInnentiefe [cm]<br \/>\n1<br \/>\nMaterial Rahmen<br \/>\nAluminium<br \/>\nOberfl\u00e4che<br \/>\neloxiert<br \/>\nT\u00fcr<br \/>\nDrehfl\u00fcgelt\u00fcr<br \/>\nDIN A4 Dokumentenanzahl<br \/>\n2<br \/>\nEigenschaft<br \/>\nmagnetisch | abschlie\u00dfbar<br \/>\nMontageort<br \/>\nWand<br \/>\nBefestigungsart<br \/>\nzum verschrauben<br \/>\nEinsatzbereich<br \/>\nInnenbereich<\/p>\n<p>zur Wandmontage im Innenbereich<br \/>\nabgestimmt auf Aush\u00e4nge und Informationen im DIN A4-Format<br \/>\nmodernes, abgerundetes Softline-Profil, alu-silberfarbig eloxiert<br \/>\n22 mm Bautiefe und 10 mm nutzbare Innentiefe<br \/>\nDrehfl\u00fcgelt\u00fcr aus schlagfestem Acrylglas mit Aluminium-Rahmen<br \/>\nabschlie\u00dfbar<br \/>\nmagnethaftende R\u00fcckwand, wei\u00df, inkl. 4 Magnete<br \/>\nVersand in bruchsicherer, recycelbarer Kartonage<\/p>\n<p>Bestell-Nr.: SW1130<\/p>\n","protected":false},"excerpt":{"rendered":"<p>WSM Schaukasten SOFTLINE BSK f\u00fcr den Inneneinsatz mit abgerundetem Profil alu-silber eloxiert, Acrylglasscheibe, abschlie\u00dfbar, Au\u00dfenma\u00df (BxHxT ): 50,4 x 37,4 x 2,2 cm (2 x A4) Ausf\u00fchrung Drehfl\u00fcgelt\u00fcr mit Aluminium-Rahmen Au\u00dfenma\u00df B x H in cm 50,4 x 37,4 Dokumentenanzahl, DIN A4 (nebeneinander) 2 A4 Format Querformat DIN Format DIN A4 Ecken spitz Seiten einseitig [&hellip;]<\/p>\n","protected":false},"featured_media":12289,"template":"","meta":[],"product_brand":[],"product_cat":[178],"product_tag":[],"class_list":{"0":"post-12291","1":"product","2":"type-product","3":"status-publish","4":"has-post-thumbnail","6":"product_cat-schaukaesten-innenbereich","8":"first","9":"instock","10":"taxable","11":"shipping-taxable","12":"purchasable","13":"product-type-simple"},"jetpack_sharing_enabled":true,"_links":{"self":[{"href":"https:\/\/dse-deutschland.de\/Shop_Schilder\/wp-json\/wp\/v2\/product\/12291","targetHints":{"allow":["GET"]}}],"collection":[{"href":"https:\/\/dse-deutschland.de\/Shop_Schilder\/wp-json\/wp\/v2\/product"}],"about":[{"href":"https:\/\/dse-deutschland.de\/Shop_Schilder\/wp-json\/wp\/v2\/types\/product"}],"wp:featuredmedia":[{"embeddable":true,"href":"https:\/\/dse-deutschland.de\/Shop_Schilder\/wp-json\/wp\/v2\/media\/12289"}],"wp:attachment":[{"href":"https:\/\/dse-deutschland.de\/Shop_Schilder\/wp-json\/wp\/v2\/media?parent=12291"}],"wp:term":[{"taxonomy":"product_brand","embeddable":true,"href":"https:\/\/dse-deutschland.de\/Shop_Schilder\/wp-json\/wp\/v2\/product_brand?post=12291"},{"taxonomy":"product_cat","embeddable":true,"href":"https:\/\/dse-deutschland.de\/Shop_Schilder\/wp-json\/wp\/v2\/product_cat?post=12291"},{"taxonomy":"product_tag","embeddable":true,"href":"https:\/\/dse-deutschland.de\/Shop_Schilder\/wp-json\/wp\/v2\/product_tag?post=12291"}],"curies":[{"name":"wp","href":"https:\/\/api.w.org\/{rel}","templated":true}]}}