{"id":12175,"date":"2018-06-20T08:59:57","date_gmt":"2018-06-20T06:59:57","guid":{"rendered":"http:\/\/dse-dueren.de\/Shop_Schilder\/produkt\/traffic-bodenmarkierungsfarbe-schnelltrocknend-ausschliesslich-mit-den-geraeten-perfekt-striper-und\/"},"modified":"2022-12-16T14:39:50","modified_gmt":"2022-12-16T13:39:50","slug":"traffic-bodenmarkierungsfarbe-schnelltrocknend-ausschliesslich-mit-den-geraeten-perfekt-striper-und","status":"publish","type":"product","link":"https:\/\/dse-deutschland.de\/Shop_Schilder\/produkt\/traffic-bodenmarkierungsfarbe-schnelltrocknend-ausschliesslich-mit-den-geraeten-perfekt-striper-und\/","title":{"rendered":"Traffic &#8211; Bodenmarkierungsfarbe schnelltrocknend ausschlie\u00dflich mit den Ger\u00e4ten &#8211; Perfekt Striper &#8211;  und"},"content":{"rendered":"<p>Traffic &#8211; Bodenmarkierungsfarbe schnelltrocknend ausschlie\u00dflich mit den Ger\u00e4ten &#8211; Perfekt Striper &#8211;  und Farbton: wei\u00df, Inhalt: 500ml<\/p>\n","protected":false},"excerpt":{"rendered":"<p>Traffic &#8211; Bodenmarkierungsfarbe schnelltrocknend ausschlie\u00dflich mit den Ger\u00e4ten &#8211; Perfekt Striper &#8211; und Farbton: wei\u00df, Inhalt: 500ml<\/p>\n","protected":false},"featured_media":12174,"template":"","meta":[],"product_brand":[],"product_cat":[176],"product_tag":[],"class_list":{"0":"post-12175","1":"product","2":"type-product","3":"status-publish","4":"has-post-thumbnail","6":"product_cat-bodenmarkierungsfarbe","8":"first","9":"instock","10":"taxable","11":"shipping-taxable","12":"purchasable","13":"product-type-simple"},"jetpack_sharing_enabled":true,"_links":{"self":[{"href":"https:\/\/dse-deutschland.de\/Shop_Schilder\/wp-json\/wp\/v2\/product\/12175","targetHints":{"allow":["GET"]}}],"collection":[{"href":"https:\/\/dse-deutschland.de\/Shop_Schilder\/wp-json\/wp\/v2\/product"}],"about":[{"href":"https:\/\/dse-deutschland.de\/Shop_Schilder\/wp-json\/wp\/v2\/types\/product"}],"wp:featuredmedia":[{"embeddable":true,"href":"https:\/\/dse-deutschland.de\/Shop_Schilder\/wp-json\/wp\/v2\/media\/12174"}],"wp:attachment":[{"href":"https:\/\/dse-deutschland.de\/Shop_Schilder\/wp-json\/wp\/v2\/media?parent=12175"}],"wp:term":[{"taxonomy":"product_brand","embeddable":true,"href":"https:\/\/dse-deutschland.de\/Shop_Schilder\/wp-json\/wp\/v2\/product_brand?post=12175"},{"taxonomy":"product_cat","embeddable":true,"href":"https:\/\/dse-deutschland.de\/Shop_Schilder\/wp-json\/wp\/v2\/product_cat?post=12175"},{"taxonomy":"product_tag","embeddable":true,"href":"https:\/\/dse-deutschland.de\/Shop_Schilder\/wp-json\/wp\/v2\/product_tag?post=12175"}],"curies":[{"name":"wp","href":"https:\/\/api.w.org\/{rel}","templated":true}]}}