{"id":12129,"date":"2018-06-20T08:58:33","date_gmt":"2018-06-20T06:58:33","guid":{"rendered":"http:\/\/dse-dueren.de\/Shop_Schilder\/produkt\/kettenstaender-secur-pfosten-gelb-schwarz-standfuss-rund-fuer-wasser-od-sandbefuellung\/"},"modified":"2022-12-16T14:39:36","modified_gmt":"2022-12-16T13:39:36","slug":"kettenstaender-secur-pfosten-gelb-schwarz-standfuss-rund-fuer-wasser-od-sandbefuellung","status":"publish","type":"product","link":"https:\/\/dse-deutschland.de\/Shop_Schilder\/produkt\/kettenstaender-secur-pfosten-gelb-schwarz-standfuss-rund-fuer-wasser-od-sandbefuellung\/","title":{"rendered":"Kettenst\u00e4nder &#8211; Secur Pfosten: gelb\/schwarz Standfu\u00df rund, (f\u00fcr Wasser- od. Sandbef\u00fcllung)"},"content":{"rendered":"<p>Kettenst\u00e4nder &#8211; Secur Pfosten: gelb\/schwarz Standfu\u00df rund, (f\u00fcr Wasser- od. Sandbef\u00fcllung) Pfosten (H): 87,0 cm, Pfosten (Durchm.): 4,0 cm, Standfu\u00df (Durchm.): 30,0 cm<\/p>\n","protected":false},"excerpt":{"rendered":"<p>Kettenst\u00e4nder &#8211; Secur Pfosten: gelb\/schwarz Standfu\u00df rund, (f\u00fcr Wasser- od. Sandbef\u00fcllung) Pfosten (H): 87,0 cm, Pfosten (Durchm.): 4,0 cm, Standfu\u00df (Durchm.): 30,0 cm<\/p>\n","protected":false},"featured_media":12128,"template":"","meta":[],"product_brand":[],"product_cat":[48],"product_tag":[],"class_list":{"0":"post-12129","1":"product","2":"type-product","3":"status-publish","4":"has-post-thumbnail","6":"product_cat-kettenstaender","8":"first","9":"instock","10":"taxable","11":"shipping-taxable","12":"purchasable","13":"product-type-simple"},"jetpack_sharing_enabled":true,"_links":{"self":[{"href":"https:\/\/dse-deutschland.de\/Shop_Schilder\/wp-json\/wp\/v2\/product\/12129","targetHints":{"allow":["GET"]}}],"collection":[{"href":"https:\/\/dse-deutschland.de\/Shop_Schilder\/wp-json\/wp\/v2\/product"}],"about":[{"href":"https:\/\/dse-deutschland.de\/Shop_Schilder\/wp-json\/wp\/v2\/types\/product"}],"wp:featuredmedia":[{"embeddable":true,"href":"https:\/\/dse-deutschland.de\/Shop_Schilder\/wp-json\/wp\/v2\/media\/12128"}],"wp:attachment":[{"href":"https:\/\/dse-deutschland.de\/Shop_Schilder\/wp-json\/wp\/v2\/media?parent=12129"}],"wp:term":[{"taxonomy":"product_brand","embeddable":true,"href":"https:\/\/dse-deutschland.de\/Shop_Schilder\/wp-json\/wp\/v2\/product_brand?post=12129"},{"taxonomy":"product_cat","embeddable":true,"href":"https:\/\/dse-deutschland.de\/Shop_Schilder\/wp-json\/wp\/v2\/product_cat?post=12129"},{"taxonomy":"product_tag","embeddable":true,"href":"https:\/\/dse-deutschland.de\/Shop_Schilder\/wp-json\/wp\/v2\/product_tag?post=12129"}],"curies":[{"name":"wp","href":"https:\/\/api.w.org\/{rel}","templated":true}]}}