{"id":12051,"date":"2018-06-20T08:57:05","date_gmt":"2018-06-20T06:57:05","guid":{"rendered":"http:\/\/dse-dueren.de\/Shop_Schilder\/produkt\/elektronenblitzleuchte-star-flash-led-610-baustellenlampe-zur-schnellabsicherung-nach-tl-oder-europaeischer-norm-zweiseitig-gelb-hohe-blitzintensitaet\/"},"modified":"2022-12-16T14:39:13","modified_gmt":"2022-12-16T13:39:13","slug":"elektronenblitzleuchte-star-flash-led-610-baustellenlampe-zur-schnellabsicherung-nach-tl-oder-europaeischer-norm-zweiseitig-gelb-hohe-blitzintensitaet","status":"publish","type":"product","link":"https:\/\/dse-deutschland.de\/Shop_Schilder\/produkt\/elektronenblitzleuchte-star-flash-led-610-baustellenlampe-zur-schnellabsicherung-nach-tl-oder-europaeischer-norm-zweiseitig-gelb-hohe-blitzintensitaet\/","title":{"rendered":"Elektronenblitzleuchte Star-Flash LED 610 Baustellenlampe zur Schnellabsicherung nach TL oder europ\u00e4ischer Norm, zweiseitig, gelb, hohe Blitzintensit\u00e4t,"},"content":{"rendered":"<p>Elektronenblitzleuchte Star-Flash LED 610 Baustellenlampe zur Schnellabsicherung nach TL oder europ\u00e4ischer Norm, zweiseitig, gelb, hohe Blitzintensit\u00e4t, (Nur f\u00fcr Leitkegel 90.9602\/90.9603 geeignet!!)<\/p>\n","protected":false},"excerpt":{"rendered":"<p>Elektronenblitzleuchte Star-Flash LED 610 Baustellenlampe zur Schnellabsicherung nach TL oder europ\u00e4ischer Norm, zweiseitig, gelb, hohe Blitzintensit\u00e4t, (Nur f\u00fcr Leitkegel 90.9602\/90.9603 geeignet!!)<\/p>\n","protected":false},"featured_media":12050,"template":"","meta":[],"product_brand":[],"product_cat":[173],"product_tag":[],"class_list":{"0":"post-12051","1":"product","2":"type-product","3":"status-publish","4":"has-post-thumbnail","6":"product_cat-baustellenschwellen","8":"first","9":"instock","10":"taxable","11":"shipping-taxable","12":"purchasable","13":"product-type-simple"},"jetpack_sharing_enabled":true,"_links":{"self":[{"href":"https:\/\/dse-deutschland.de\/Shop_Schilder\/wp-json\/wp\/v2\/product\/12051","targetHints":{"allow":["GET"]}}],"collection":[{"href":"https:\/\/dse-deutschland.de\/Shop_Schilder\/wp-json\/wp\/v2\/product"}],"about":[{"href":"https:\/\/dse-deutschland.de\/Shop_Schilder\/wp-json\/wp\/v2\/types\/product"}],"wp:featuredmedia":[{"embeddable":true,"href":"https:\/\/dse-deutschland.de\/Shop_Schilder\/wp-json\/wp\/v2\/media\/12050"}],"wp:attachment":[{"href":"https:\/\/dse-deutschland.de\/Shop_Schilder\/wp-json\/wp\/v2\/media?parent=12051"}],"wp:term":[{"taxonomy":"product_brand","embeddable":true,"href":"https:\/\/dse-deutschland.de\/Shop_Schilder\/wp-json\/wp\/v2\/product_brand?post=12051"},{"taxonomy":"product_cat","embeddable":true,"href":"https:\/\/dse-deutschland.de\/Shop_Schilder\/wp-json\/wp\/v2\/product_cat?post=12051"},{"taxonomy":"product_tag","embeddable":true,"href":"https:\/\/dse-deutschland.de\/Shop_Schilder\/wp-json\/wp\/v2\/product_tag?post=12051"}],"curies":[{"name":"wp","href":"https:\/\/api.w.org\/{rel}","templated":true}]}}