{"id":11948,"date":"2018-06-20T08:53:46","date_gmt":"2018-06-20T06:53:46","guid":{"rendered":"http:\/\/dse-dueren.de\/Shop_Schilder\/produkt\/knuffi-shg-warn-und-schutzprofil-kantenschutz-winkel-rot-weiss-reflektierend-selbstklebend\/"},"modified":"2022-12-16T14:38:44","modified_gmt":"2022-12-16T13:38:44","slug":"knuffi-shg-warn-und-schutzprofil-kantenschutz-winkel-rot-weiss-reflektierend-selbstklebend","status":"publish","type":"product","link":"https:\/\/dse-deutschland.de\/Shop_Schilder\/produkt\/knuffi-shg-warn-und-schutzprofil-kantenschutz-winkel-rot-weiss-reflektierend-selbstklebend\/","title":{"rendered":"Knuffi SHG Warn- und Schutzprofil &#8211; Kantenschutz Winkel rot\/wei\u00df reflektierend selbstklebend"},"content":{"rendered":"<p>Knuffi SHG Warn- und Schutzprofil &#8211; Kantenschutz Winkel rot\/wei\u00df reflektierend selbstklebend Typ H+, Ma\u00dfe (L x B x H): 100,0 x 6,0 x 6,0 cm, Innenma\u00df: 4,8 x 4,8 cm<\/p>\n","protected":false},"excerpt":{"rendered":"<p>Knuffi SHG Warn- und Schutzprofil &#8211; Kantenschutz Winkel rot\/wei\u00df reflektierend selbstklebend Typ H+, Ma\u00dfe (L x B x H): 100,0 x 6,0 x 6,0 cm, Innenma\u00df: 4,8 x 4,8 cm<\/p>\n","protected":false},"featured_media":11947,"template":"","meta":[],"product_brand":[],"product_cat":[41],"product_tag":[],"class_list":{"0":"post-11948","1":"product","2":"type-product","3":"status-publish","4":"has-post-thumbnail","6":"product_cat-warn-und-schutzprofile","8":"first","9":"instock","10":"taxable","11":"shipping-taxable","12":"purchasable","13":"product-type-simple"},"jetpack_sharing_enabled":true,"_links":{"self":[{"href":"https:\/\/dse-deutschland.de\/Shop_Schilder\/wp-json\/wp\/v2\/product\/11948","targetHints":{"allow":["GET"]}}],"collection":[{"href":"https:\/\/dse-deutschland.de\/Shop_Schilder\/wp-json\/wp\/v2\/product"}],"about":[{"href":"https:\/\/dse-deutschland.de\/Shop_Schilder\/wp-json\/wp\/v2\/types\/product"}],"wp:featuredmedia":[{"embeddable":true,"href":"https:\/\/dse-deutschland.de\/Shop_Schilder\/wp-json\/wp\/v2\/media\/11947"}],"wp:attachment":[{"href":"https:\/\/dse-deutschland.de\/Shop_Schilder\/wp-json\/wp\/v2\/media?parent=11948"}],"wp:term":[{"taxonomy":"product_brand","embeddable":true,"href":"https:\/\/dse-deutschland.de\/Shop_Schilder\/wp-json\/wp\/v2\/product_brand?post=11948"},{"taxonomy":"product_cat","embeddable":true,"href":"https:\/\/dse-deutschland.de\/Shop_Schilder\/wp-json\/wp\/v2\/product_cat?post=11948"},{"taxonomy":"product_tag","embeddable":true,"href":"https:\/\/dse-deutschland.de\/Shop_Schilder\/wp-json\/wp\/v2\/product_tag?post=11948"}],"curies":[{"name":"wp","href":"https:\/\/api.w.org\/{rel}","templated":true}]}}