{"id":11921,"date":"2018-06-20T08:53:26","date_gmt":"2018-06-20T06:53:26","guid":{"rendered":"http:\/\/dse-dueren.de\/Shop_Schilder\/produkt\/knuffi-shg-warn-und-schutzprofil-profilschutz-trapezform-gelb-schwarz-zum-aufstecken-3\/"},"modified":"2022-12-16T14:38:36","modified_gmt":"2022-12-16T13:38:36","slug":"knuffi-shg-warn-und-schutzprofil-profilschutz-trapezform-gelb-schwarz-zum-aufstecken-3","status":"publish","type":"product","link":"https:\/\/dse-deutschland.de\/Shop_Schilder\/produkt\/knuffi-shg-warn-und-schutzprofil-profilschutz-trapezform-gelb-schwarz-zum-aufstecken-3\/","title":{"rendered":"Knuffi SHG Warn- und Schutzprofil &#8211; Profilschutz Trapezform gelb\/schwarz zum aufstecken"},"content":{"rendered":"<p>Knuffi SHG Warn- und Schutzprofil &#8211; Profilschutz Trapezform gelb\/schwarz zum aufstecken Typ BB, Au\u00dfenma\u00df (LxBxH): 100,0 x 4,0 x 3,6 cm, Innenma\u00df: 0,8 x 1,9 cm<\/p>\n","protected":false},"excerpt":{"rendered":"<p>Knuffi SHG Warn- und Schutzprofil &#8211; Profilschutz Trapezform gelb\/schwarz zum aufstecken Typ BB, Au\u00dfenma\u00df (LxBxH): 100,0 x 4,0 x 3,6 cm, Innenma\u00df: 0,8 x 1,9 cm<\/p>\n","protected":false},"featured_media":11920,"template":"","meta":[],"product_brand":[],"product_cat":[41],"product_tag":[],"class_list":{"0":"post-11921","1":"product","2":"type-product","3":"status-publish","4":"has-post-thumbnail","6":"product_cat-warn-und-schutzprofile","8":"first","9":"instock","10":"taxable","11":"shipping-taxable","12":"purchasable","13":"product-type-simple"},"jetpack_sharing_enabled":true,"_links":{"self":[{"href":"https:\/\/dse-deutschland.de\/Shop_Schilder\/wp-json\/wp\/v2\/product\/11921","targetHints":{"allow":["GET"]}}],"collection":[{"href":"https:\/\/dse-deutschland.de\/Shop_Schilder\/wp-json\/wp\/v2\/product"}],"about":[{"href":"https:\/\/dse-deutschland.de\/Shop_Schilder\/wp-json\/wp\/v2\/types\/product"}],"wp:featuredmedia":[{"embeddable":true,"href":"https:\/\/dse-deutschland.de\/Shop_Schilder\/wp-json\/wp\/v2\/media\/11920"}],"wp:attachment":[{"href":"https:\/\/dse-deutschland.de\/Shop_Schilder\/wp-json\/wp\/v2\/media?parent=11921"}],"wp:term":[{"taxonomy":"product_brand","embeddable":true,"href":"https:\/\/dse-deutschland.de\/Shop_Schilder\/wp-json\/wp\/v2\/product_brand?post=11921"},{"taxonomy":"product_cat","embeddable":true,"href":"https:\/\/dse-deutschland.de\/Shop_Schilder\/wp-json\/wp\/v2\/product_cat?post=11921"},{"taxonomy":"product_tag","embeddable":true,"href":"https:\/\/dse-deutschland.de\/Shop_Schilder\/wp-json\/wp\/v2\/product_tag?post=11921"}],"curies":[{"name":"wp","href":"https:\/\/api.w.org\/{rel}","templated":true}]}}