{"id":11852,"date":"2018-06-20T08:52:53","date_gmt":"2018-06-20T06:52:53","guid":{"rendered":"http:\/\/dse-dueren.de\/Shop_Schilder\/produkt\/knuffi-shg-warn-und-schutzprofil-kantenschutz-winkel-rot-weiss-selbstklebend-2\/"},"modified":"2022-12-16T14:38:17","modified_gmt":"2022-12-16T13:38:17","slug":"knuffi-shg-warn-und-schutzprofil-kantenschutz-winkel-rot-weiss-selbstklebend-2","status":"publish","type":"product","link":"https:\/\/dse-deutschland.de\/Shop_Schilder\/produkt\/knuffi-shg-warn-und-schutzprofil-kantenschutz-winkel-rot-weiss-selbstklebend-2\/","title":{"rendered":"Knuffi SHG Warn- und Schutzprofil &#8211; Kantenschutz Winkel rot\/wei\u00df selbstklebend"},"content":{"rendered":"<p>Knuffi SHG Warn- und Schutzprofil &#8211; Kantenschutz Winkel rot\/wei\u00df selbstklebend Typ H, Au\u00dfenma\u00df (LxBxH): 100,0 x 4,7 x 4,7 cm, Innenma\u00df: 3,5 x 3,5 cm<\/p>\n","protected":false},"excerpt":{"rendered":"<p>Knuffi SHG Warn- und Schutzprofil &#8211; Kantenschutz Winkel rot\/wei\u00df selbstklebend Typ H, Au\u00dfenma\u00df (LxBxH): 100,0 x 4,7 x 4,7 cm, Innenma\u00df: 3,5 x 3,5 cm<\/p>\n","protected":false},"featured_media":11850,"template":"","meta":[],"product_brand":[],"product_cat":[41],"product_tag":[],"class_list":{"0":"post-11852","1":"product","2":"type-product","3":"status-publish","4":"has-post-thumbnail","6":"product_cat-warn-und-schutzprofile","8":"first","9":"instock","10":"taxable","11":"shipping-taxable","12":"purchasable","13":"product-type-simple"},"jetpack_sharing_enabled":true,"_links":{"self":[{"href":"https:\/\/dse-deutschland.de\/Shop_Schilder\/wp-json\/wp\/v2\/product\/11852","targetHints":{"allow":["GET"]}}],"collection":[{"href":"https:\/\/dse-deutschland.de\/Shop_Schilder\/wp-json\/wp\/v2\/product"}],"about":[{"href":"https:\/\/dse-deutschland.de\/Shop_Schilder\/wp-json\/wp\/v2\/types\/product"}],"wp:featuredmedia":[{"embeddable":true,"href":"https:\/\/dse-deutschland.de\/Shop_Schilder\/wp-json\/wp\/v2\/media\/11850"}],"wp:attachment":[{"href":"https:\/\/dse-deutschland.de\/Shop_Schilder\/wp-json\/wp\/v2\/media?parent=11852"}],"wp:term":[{"taxonomy":"product_brand","embeddable":true,"href":"https:\/\/dse-deutschland.de\/Shop_Schilder\/wp-json\/wp\/v2\/product_brand?post=11852"},{"taxonomy":"product_cat","embeddable":true,"href":"https:\/\/dse-deutschland.de\/Shop_Schilder\/wp-json\/wp\/v2\/product_cat?post=11852"},{"taxonomy":"product_tag","embeddable":true,"href":"https:\/\/dse-deutschland.de\/Shop_Schilder\/wp-json\/wp\/v2\/product_tag?post=11852"}],"curies":[{"name":"wp","href":"https:\/\/api.w.org\/{rel}","templated":true}]}}