{"id":11718,"date":"2018-06-20T08:51:32","date_gmt":"2018-06-20T06:51:32","guid":{"rendered":"http:\/\/dse-dueren.de\/Shop_Schilder\/produkt\/spezialspray-kleb-ex-etikettenentferner-beseitigt-muehelos-papieretiketten-auf-fast-allen-haftgruenden-ausser-auf-polystyrol\/"},"modified":"2022-12-16T14:37:29","modified_gmt":"2022-12-16T13:37:29","slug":"spezialspray-kleb-ex-etikettenentferner-beseitigt-muehelos-papieretiketten-auf-fast-allen-haftgruenden-ausser-auf-polystyrol","status":"publish","type":"product","link":"https:\/\/dse-deutschland.de\/Shop_Schilder\/produkt\/spezialspray-kleb-ex-etikettenentferner-beseitigt-muehelos-papieretiketten-auf-fast-allen-haftgruenden-ausser-auf-polystyrol\/","title":{"rendered":"Spezialspray Kleb-Ex Etikettenentferner, beseitigt m\u00fchelos Papieretiketten auf fast allen Haftgr\u00fcnden (au\u00dfer auf Polystyrol),"},"content":{"rendered":"<p>Spezialspray Kleb-Ex Etikettenentferner, beseitigt m\u00fchelos Papieretiketten auf fast allen Haftgr\u00fcnden (au\u00dfer auf Polystyrol),<\/p>\n","protected":false},"excerpt":{"rendered":"<p>Spezialspray Kleb-Ex Etikettenentferner, beseitigt m\u00fchelos Papieretiketten auf fast allen Haftgr\u00fcnden (au\u00dfer auf Polystyrol),<\/p>\n","protected":false},"featured_media":11717,"template":"","meta":[],"product_brand":[],"product_cat":[170],"product_tag":[],"class_list":{"0":"post-11718","1":"product","2":"type-product","3":"status-publish","4":"has-post-thumbnail","6":"product_cat-schildermontage","8":"first","9":"instock","10":"taxable","11":"shipping-taxable","12":"purchasable","13":"product-type-simple"},"jetpack_sharing_enabled":true,"_links":{"self":[{"href":"https:\/\/dse-deutschland.de\/Shop_Schilder\/wp-json\/wp\/v2\/product\/11718","targetHints":{"allow":["GET"]}}],"collection":[{"href":"https:\/\/dse-deutschland.de\/Shop_Schilder\/wp-json\/wp\/v2\/product"}],"about":[{"href":"https:\/\/dse-deutschland.de\/Shop_Schilder\/wp-json\/wp\/v2\/types\/product"}],"wp:featuredmedia":[{"embeddable":true,"href":"https:\/\/dse-deutschland.de\/Shop_Schilder\/wp-json\/wp\/v2\/media\/11717"}],"wp:attachment":[{"href":"https:\/\/dse-deutschland.de\/Shop_Schilder\/wp-json\/wp\/v2\/media?parent=11718"}],"wp:term":[{"taxonomy":"product_brand","embeddable":true,"href":"https:\/\/dse-deutschland.de\/Shop_Schilder\/wp-json\/wp\/v2\/product_brand?post=11718"},{"taxonomy":"product_cat","embeddable":true,"href":"https:\/\/dse-deutschland.de\/Shop_Schilder\/wp-json\/wp\/v2\/product_cat?post=11718"},{"taxonomy":"product_tag","embeddable":true,"href":"https:\/\/dse-deutschland.de\/Shop_Schilder\/wp-json\/wp\/v2\/product_tag?post=11718"}],"curies":[{"name":"wp","href":"https:\/\/api.w.org\/{rel}","templated":true}]}}