{"id":11694,"date":"2018-06-20T08:51:11","date_gmt":"2018-06-20T06:51:11","guid":{"rendered":"http:\/\/dse-dueren.de\/Shop_Schilder\/produkt\/magic-apply-verklebe-fluessigkeit-spruehflasche-vereinfacht-die-folienverklebung-auch-fuer-schwierige-untergruende\/"},"modified":"2022-12-16T14:37:24","modified_gmt":"2022-12-16T13:37:24","slug":"magic-apply-verklebe-fluessigkeit-spruehflasche-vereinfacht-die-folienverklebung-auch-fuer-schwierige-untergruende","status":"publish","type":"product","link":"https:\/\/dse-deutschland.de\/Shop_Schilder\/produkt\/magic-apply-verklebe-fluessigkeit-spruehflasche-vereinfacht-die-folienverklebung-auch-fuer-schwierige-untergruende\/","title":{"rendered":"Magic Apply Verklebe Fl\u00fcssigkeit Spr\u00fchflasche vereinfacht die Folienverklebung, auch f\u00fcr schwierige Untergr\u00fcnde"},"content":{"rendered":"<p>Magic Apply Verklebe Fl\u00fcssigkeit Spr\u00fchflasche vereinfacht die Folienverklebung, auch f\u00fcr schwierige Untergr\u00fcnde<\/p>\n","protected":false},"excerpt":{"rendered":"<p>Magic Apply Verklebe Fl\u00fcssigkeit Spr\u00fchflasche vereinfacht die Folienverklebung, auch f\u00fcr schwierige Untergr\u00fcnde<\/p>\n","protected":false},"featured_media":11693,"template":"","meta":[],"product_brand":[],"product_cat":[170],"product_tag":[],"class_list":{"0":"post-11694","1":"product","2":"type-product","3":"status-publish","4":"has-post-thumbnail","6":"product_cat-schildermontage","8":"first","9":"instock","10":"taxable","11":"shipping-taxable","12":"purchasable","13":"product-type-simple"},"jetpack_sharing_enabled":true,"_links":{"self":[{"href":"https:\/\/dse-deutschland.de\/Shop_Schilder\/wp-json\/wp\/v2\/product\/11694","targetHints":{"allow":["GET"]}}],"collection":[{"href":"https:\/\/dse-deutschland.de\/Shop_Schilder\/wp-json\/wp\/v2\/product"}],"about":[{"href":"https:\/\/dse-deutschland.de\/Shop_Schilder\/wp-json\/wp\/v2\/types\/product"}],"wp:featuredmedia":[{"embeddable":true,"href":"https:\/\/dse-deutschland.de\/Shop_Schilder\/wp-json\/wp\/v2\/media\/11693"}],"wp:attachment":[{"href":"https:\/\/dse-deutschland.de\/Shop_Schilder\/wp-json\/wp\/v2\/media?parent=11694"}],"wp:term":[{"taxonomy":"product_brand","embeddable":true,"href":"https:\/\/dse-deutschland.de\/Shop_Schilder\/wp-json\/wp\/v2\/product_brand?post=11694"},{"taxonomy":"product_cat","embeddable":true,"href":"https:\/\/dse-deutschland.de\/Shop_Schilder\/wp-json\/wp\/v2\/product_cat?post=11694"},{"taxonomy":"product_tag","embeddable":true,"href":"https:\/\/dse-deutschland.de\/Shop_Schilder\/wp-json\/wp\/v2\/product_tag?post=11694"}],"curies":[{"name":"wp","href":"https:\/\/api.w.org\/{rel}","templated":true}]}}