{"id":11692,"date":"2018-06-20T08:51:10","date_gmt":"2018-06-20T06:51:10","guid":{"rendered":"http:\/\/dse-dueren.de\/Shop_Schilder\/produkt\/rakel-farbe-weiss-mit-filzkante-zum-aufziehen-von-folien-und-zum-kaschieren\/"},"modified":"2022-12-16T14:37:24","modified_gmt":"2022-12-16T13:37:24","slug":"rakel-farbe-weiss-mit-filzkante-zum-aufziehen-von-folien-und-zum-kaschieren","status":"publish","type":"product","link":"https:\/\/dse-deutschland.de\/Shop_Schilder\/produkt\/rakel-farbe-weiss-mit-filzkante-zum-aufziehen-von-folien-und-zum-kaschieren\/","title":{"rendered":"Rakel Farbe: wei\u00df , mit Filzkante zum Aufziehen von Folien und zum Kaschieren"},"content":{"rendered":"<p>Rakel Farbe: wei\u00df , mit Filzkante zum Aufziehen von Folien und zum Kaschieren Gr\u00f6\u00dfe (BxH): 10 x 7,5 cm<\/p>\n","protected":false},"excerpt":{"rendered":"<p>Rakel Farbe: wei\u00df , mit Filzkante zum Aufziehen von Folien und zum Kaschieren Gr\u00f6\u00dfe (BxH): 10 x 7,5 cm<\/p>\n","protected":false},"featured_media":11691,"template":"","meta":[],"product_brand":[],"product_cat":[170],"product_tag":[],"class_list":{"0":"post-11692","1":"product","2":"type-product","3":"status-publish","4":"has-post-thumbnail","6":"product_cat-schildermontage","8":"first","9":"instock","10":"taxable","11":"shipping-taxable","12":"purchasable","13":"product-type-simple"},"jetpack_sharing_enabled":true,"_links":{"self":[{"href":"https:\/\/dse-deutschland.de\/Shop_Schilder\/wp-json\/wp\/v2\/product\/11692","targetHints":{"allow":["GET"]}}],"collection":[{"href":"https:\/\/dse-deutschland.de\/Shop_Schilder\/wp-json\/wp\/v2\/product"}],"about":[{"href":"https:\/\/dse-deutschland.de\/Shop_Schilder\/wp-json\/wp\/v2\/types\/product"}],"wp:featuredmedia":[{"embeddable":true,"href":"https:\/\/dse-deutschland.de\/Shop_Schilder\/wp-json\/wp\/v2\/media\/11691"}],"wp:attachment":[{"href":"https:\/\/dse-deutschland.de\/Shop_Schilder\/wp-json\/wp\/v2\/media?parent=11692"}],"wp:term":[{"taxonomy":"product_brand","embeddable":true,"href":"https:\/\/dse-deutschland.de\/Shop_Schilder\/wp-json\/wp\/v2\/product_brand?post=11692"},{"taxonomy":"product_cat","embeddable":true,"href":"https:\/\/dse-deutschland.de\/Shop_Schilder\/wp-json\/wp\/v2\/product_cat?post=11692"},{"taxonomy":"product_tag","embeddable":true,"href":"https:\/\/dse-deutschland.de\/Shop_Schilder\/wp-json\/wp\/v2\/product_tag?post=11692"}],"curies":[{"name":"wp","href":"https:\/\/api.w.org\/{rel}","templated":true}]}}