{"id":11688,"date":"2018-06-20T08:51:09","date_gmt":"2018-06-20T06:51:09","guid":{"rendered":"http:\/\/dse-dueren.de\/Shop_Schilder\/produkt\/3m-sc-rakel-aus-plastik-blau-fuer-den-gelegentlichen-einsatz-flexibel-weich\/"},"modified":"2022-12-16T14:37:22","modified_gmt":"2022-12-16T13:37:22","slug":"3m-sc-rakel-aus-plastik-blau-fuer-den-gelegentlichen-einsatz-flexibel-weich","status":"publish","type":"product","link":"https:\/\/dse-deutschland.de\/Shop_Schilder\/produkt\/3m-sc-rakel-aus-plastik-blau-fuer-den-gelegentlichen-einsatz-flexibel-weich\/","title":{"rendered":"3M SC Rakel aus Plastik blau, f\u00fcr den gelegentlichen Einsatz, flexibel, weich"},"content":{"rendered":"<p>3M SC Rakel aus Plastik blau, f\u00fcr den gelegentlichen Einsatz, flexibel, weich Gr\u00f6\u00dfe (BxH): 10,0 x 7,0 cm<\/p>\n","protected":false},"excerpt":{"rendered":"<p>3M SC Rakel aus Plastik blau, f\u00fcr den gelegentlichen Einsatz, flexibel, weich Gr\u00f6\u00dfe (BxH): 10,0 x 7,0 cm<\/p>\n","protected":false},"featured_media":11687,"template":"","meta":[],"product_brand":[],"product_cat":[170],"product_tag":[],"class_list":{"0":"post-11688","1":"product","2":"type-product","3":"status-publish","4":"has-post-thumbnail","6":"product_cat-schildermontage","8":"first","9":"instock","10":"taxable","11":"shipping-taxable","12":"purchasable","13":"product-type-simple"},"jetpack_sharing_enabled":true,"_links":{"self":[{"href":"https:\/\/dse-deutschland.de\/Shop_Schilder\/wp-json\/wp\/v2\/product\/11688","targetHints":{"allow":["GET"]}}],"collection":[{"href":"https:\/\/dse-deutschland.de\/Shop_Schilder\/wp-json\/wp\/v2\/product"}],"about":[{"href":"https:\/\/dse-deutschland.de\/Shop_Schilder\/wp-json\/wp\/v2\/types\/product"}],"wp:featuredmedia":[{"embeddable":true,"href":"https:\/\/dse-deutschland.de\/Shop_Schilder\/wp-json\/wp\/v2\/media\/11687"}],"wp:attachment":[{"href":"https:\/\/dse-deutschland.de\/Shop_Schilder\/wp-json\/wp\/v2\/media?parent=11688"}],"wp:term":[{"taxonomy":"product_brand","embeddable":true,"href":"https:\/\/dse-deutschland.de\/Shop_Schilder\/wp-json\/wp\/v2\/product_brand?post=11688"},{"taxonomy":"product_cat","embeddable":true,"href":"https:\/\/dse-deutschland.de\/Shop_Schilder\/wp-json\/wp\/v2\/product_cat?post=11688"},{"taxonomy":"product_tag","embeddable":true,"href":"https:\/\/dse-deutschland.de\/Shop_Schilder\/wp-json\/wp\/v2\/product_tag?post=11688"}],"curies":[{"name":"wp","href":"https:\/\/api.w.org\/{rel}","templated":true}]}}