{"id":11570,"date":"2018-06-20T08:50:13","date_gmt":"2018-06-20T06:50:13","guid":{"rendered":"http:\/\/dse-dueren.de\/Shop_Schilder\/produkt\/bodenhuelse-zum-einschrauben-feuerverzinkter-stahl-fuer-rohrpfosten-mit-60-cm-o\/"},"modified":"2022-12-16T14:36:50","modified_gmt":"2022-12-16T13:36:50","slug":"bodenhuelse-zum-einschrauben-feuerverzinkter-stahl-fuer-rohrpfosten-mit-60-cm-o","status":"publish","type":"product","link":"https:\/\/dse-deutschland.de\/Shop_Schilder\/produkt\/bodenhuelse-zum-einschrauben-feuerverzinkter-stahl-fuer-rohrpfosten-mit-60-cm-o\/","title":{"rendered":"Bodenh\u00fclse zum Einschrauben feuerverzinkter Stahl, f\u00fcr Rohrpfosten mit 6,0 cm \u00d8,"},"content":{"rendered":"<p>Bodenh\u00fclse zum Einschrauben feuerverzinkter Stahl, f\u00fcr Rohrpfosten mit 6,0 cm \u00d8, Gesamtl\u00e4nge: 57,0 cm, Gewindel\u00e4nge: 30,0 cm<\/p>\n","protected":false},"excerpt":{"rendered":"<p>Bodenh\u00fclse zum Einschrauben feuerverzinkter Stahl, f\u00fcr Rohrpfosten mit 6,0 cm \u00d8, Gesamtl\u00e4nge: 57,0 cm, Gewindel\u00e4nge: 30,0 cm<\/p>\n","protected":false},"featured_media":11569,"template":"","meta":[],"product_brand":[],"product_cat":[170],"product_tag":[],"class_list":{"0":"post-11570","1":"product","2":"type-product","3":"status-publish","4":"has-post-thumbnail","6":"product_cat-schildermontage","8":"first","9":"instock","10":"taxable","11":"shipping-taxable","12":"purchasable","13":"product-type-simple"},"jetpack_sharing_enabled":true,"_links":{"self":[{"href":"https:\/\/dse-deutschland.de\/Shop_Schilder\/wp-json\/wp\/v2\/product\/11570","targetHints":{"allow":["GET"]}}],"collection":[{"href":"https:\/\/dse-deutschland.de\/Shop_Schilder\/wp-json\/wp\/v2\/product"}],"about":[{"href":"https:\/\/dse-deutschland.de\/Shop_Schilder\/wp-json\/wp\/v2\/types\/product"}],"wp:featuredmedia":[{"embeddable":true,"href":"https:\/\/dse-deutschland.de\/Shop_Schilder\/wp-json\/wp\/v2\/media\/11569"}],"wp:attachment":[{"href":"https:\/\/dse-deutschland.de\/Shop_Schilder\/wp-json\/wp\/v2\/media?parent=11570"}],"wp:term":[{"taxonomy":"product_brand","embeddable":true,"href":"https:\/\/dse-deutschland.de\/Shop_Schilder\/wp-json\/wp\/v2\/product_brand?post=11570"},{"taxonomy":"product_cat","embeddable":true,"href":"https:\/\/dse-deutschland.de\/Shop_Schilder\/wp-json\/wp\/v2\/product_cat?post=11570"},{"taxonomy":"product_tag","embeddable":true,"href":"https:\/\/dse-deutschland.de\/Shop_Schilder\/wp-json\/wp\/v2\/product_tag?post=11570"}],"curies":[{"name":"wp","href":"https:\/\/api.w.org\/{rel}","templated":true}]}}