{"id":11567,"date":"2018-06-20T08:50:12","date_gmt":"2018-06-20T06:50:12","guid":{"rendered":"http:\/\/dse-dueren.de\/Shop_Schilder\/produkt\/bodenhuelse-mit-gewindering-und-nylonklemmring-fuer-rohrpfosten-mit-60-cm-o-2\/"},"modified":"2022-12-16T14:36:48","modified_gmt":"2022-12-16T13:36:48","slug":"bodenhuelse-mit-gewindering-und-nylonklemmring-fuer-rohrpfosten-mit-60-cm-o-2","status":"publish","type":"product","link":"https:\/\/dse-deutschland.de\/Shop_Schilder\/produkt\/bodenhuelse-mit-gewindering-und-nylonklemmring-fuer-rohrpfosten-mit-60-cm-o-2\/","title":{"rendered":"Bodenh\u00fclse mit Gewindering und Nylonklemmring, f\u00fcr Rohrpfosten mit 6,0 cm \u00d8"},"content":{"rendered":"<p>Bodenh\u00fclse mit Gewindering und Nylonklemmring, f\u00fcr Rohrpfosten mit 6,0 cm \u00d8 L\u00e4nge: 50,0 cm<\/p>\n","protected":false},"excerpt":{"rendered":"<p>Bodenh\u00fclse mit Gewindering und Nylonklemmring, f\u00fcr Rohrpfosten mit 6,0 cm \u00d8 L\u00e4nge: 50,0 cm<\/p>\n","protected":false},"featured_media":11566,"template":"","meta":[],"product_brand":[],"product_cat":[170],"product_tag":[],"class_list":{"0":"post-11567","1":"product","2":"type-product","3":"status-publish","4":"has-post-thumbnail","6":"product_cat-schildermontage","8":"first","9":"instock","10":"taxable","11":"shipping-taxable","12":"purchasable","13":"product-type-simple"},"jetpack_sharing_enabled":true,"_links":{"self":[{"href":"https:\/\/dse-deutschland.de\/Shop_Schilder\/wp-json\/wp\/v2\/product\/11567","targetHints":{"allow":["GET"]}}],"collection":[{"href":"https:\/\/dse-deutschland.de\/Shop_Schilder\/wp-json\/wp\/v2\/product"}],"about":[{"href":"https:\/\/dse-deutschland.de\/Shop_Schilder\/wp-json\/wp\/v2\/types\/product"}],"wp:featuredmedia":[{"embeddable":true,"href":"https:\/\/dse-deutschland.de\/Shop_Schilder\/wp-json\/wp\/v2\/media\/11566"}],"wp:attachment":[{"href":"https:\/\/dse-deutschland.de\/Shop_Schilder\/wp-json\/wp\/v2\/media?parent=11567"}],"wp:term":[{"taxonomy":"product_brand","embeddable":true,"href":"https:\/\/dse-deutschland.de\/Shop_Schilder\/wp-json\/wp\/v2\/product_brand?post=11567"},{"taxonomy":"product_cat","embeddable":true,"href":"https:\/\/dse-deutschland.de\/Shop_Schilder\/wp-json\/wp\/v2\/product_cat?post=11567"},{"taxonomy":"product_tag","embeddable":true,"href":"https:\/\/dse-deutschland.de\/Shop_Schilder\/wp-json\/wp\/v2\/product_tag?post=11567"}],"curies":[{"name":"wp","href":"https:\/\/api.w.org\/{rel}","templated":true}]}}