{"id":11565,"date":"2018-06-20T08:50:11","date_gmt":"2018-06-20T06:50:11","guid":{"rendered":"http:\/\/dse-dueren.de\/Shop_Schilder\/produkt\/blindstopfen-aufschraubbar-fuer-bodenhuelse-fuer-rohrpfosten-mit-76-cm-o\/"},"modified":"2022-12-16T14:36:48","modified_gmt":"2022-12-16T13:36:48","slug":"blindstopfen-aufschraubbar-fuer-bodenhuelse-fuer-rohrpfosten-mit-76-cm-o","status":"publish","type":"product","link":"https:\/\/dse-deutschland.de\/Shop_Schilder\/produkt\/blindstopfen-aufschraubbar-fuer-bodenhuelse-fuer-rohrpfosten-mit-76-cm-o\/","title":{"rendered":"Blindstopfen aufschraubbar f\u00fcr Bodenh\u00fclse f\u00fcr Rohrpfosten mit 7,6 cm \u00d8"},"content":{"rendered":"<p>Blindstopfen aufschraubbar f\u00fcr Bodenh\u00fclse f\u00fcr Rohrpfosten mit 7,6 cm \u00d8<\/p>\n","protected":false},"excerpt":{"rendered":"<p>Blindstopfen aufschraubbar f\u00fcr Bodenh\u00fclse f\u00fcr Rohrpfosten mit 7,6 cm \u00d8<\/p>\n","protected":false},"featured_media":11563,"template":"","meta":[],"product_brand":[],"product_cat":[170],"product_tag":[],"class_list":{"0":"post-11565","1":"product","2":"type-product","3":"status-publish","4":"has-post-thumbnail","6":"product_cat-schildermontage","8":"first","9":"instock","10":"taxable","11":"shipping-taxable","12":"purchasable","13":"product-type-simple"},"jetpack_sharing_enabled":true,"_links":{"self":[{"href":"https:\/\/dse-deutschland.de\/Shop_Schilder\/wp-json\/wp\/v2\/product\/11565","targetHints":{"allow":["GET"]}}],"collection":[{"href":"https:\/\/dse-deutschland.de\/Shop_Schilder\/wp-json\/wp\/v2\/product"}],"about":[{"href":"https:\/\/dse-deutschland.de\/Shop_Schilder\/wp-json\/wp\/v2\/types\/product"}],"wp:featuredmedia":[{"embeddable":true,"href":"https:\/\/dse-deutschland.de\/Shop_Schilder\/wp-json\/wp\/v2\/media\/11563"}],"wp:attachment":[{"href":"https:\/\/dse-deutschland.de\/Shop_Schilder\/wp-json\/wp\/v2\/media?parent=11565"}],"wp:term":[{"taxonomy":"product_brand","embeddable":true,"href":"https:\/\/dse-deutschland.de\/Shop_Schilder\/wp-json\/wp\/v2\/product_brand?post=11565"},{"taxonomy":"product_cat","embeddable":true,"href":"https:\/\/dse-deutschland.de\/Shop_Schilder\/wp-json\/wp\/v2\/product_cat?post=11565"},{"taxonomy":"product_tag","embeddable":true,"href":"https:\/\/dse-deutschland.de\/Shop_Schilder\/wp-json\/wp\/v2\/product_tag?post=11565"}],"curies":[{"name":"wp","href":"https:\/\/api.w.org\/{rel}","templated":true}]}}