{"id":11546,"date":"2018-06-20T08:50:03","date_gmt":"2018-06-20T06:50:03","guid":{"rendered":"http:\/\/dse-dueren.de\/Shop_Schilder\/produkt\/spielplatzschild-kinderspielplatz-fuer-kinder-bis-12-jahre-benutzung-auf-eigene-gefahr\/"},"modified":"2022-12-16T14:36:39","modified_gmt":"2022-12-16T13:36:39","slug":"spielplatzschild-kinderspielplatz-fuer-kinder-bis-12-jahre-benutzung-auf-eigene-gefahr","status":"publish","type":"product","link":"https:\/\/dse-deutschland.de\/Shop_Schilder\/produkt\/spielplatzschild-kinderspielplatz-fuer-kinder-bis-12-jahre-benutzung-auf-eigene-gefahr\/","title":{"rendered":"Spielplatzschild Kinderspielplatz &#8211; F\u00fcr Kinder bis 12 Jahre &#8211; Benutzung auf eigene Gefahr"},"content":{"rendered":"<p>Spielplatzschild Kinderspielplatz &#8211; F\u00fcr Kinder bis 12 Jahre &#8211; Benutzung auf eigene Gefahr Gr\u00f6\u00dfe (BxH): 48,0 x 66,0 cm<\/p>\n<p>&nbsp;<\/p>\n<p>Ausf\u00fchrung<br \/>\nKinderspielplatz F\u00fcr Kinder bis 12 Jahre<br \/>\nGr\u00f6\u00dfe B x H in cm<br \/>\n48,0 x 66,0<br \/>\nBreite<br \/>\n48,0 cm<br \/>\nH\u00f6he<br \/>\n66,0 cm<br \/>\nForm<br \/>\nrechteckig<br \/>\nMaterial<br \/>\nAluminium<br \/>\nSt\u00e4rke<br \/>\n2,0 mm<br \/>\nLieferform<br \/>\nEinzelst\u00fcck<br \/>\nBefestigungsart<br \/>\nzum Verschrauben<\/p>\n<p>&nbsp;<\/p>\n<p>Spielplatz<\/p>\n<p>Kinderspielplatzschilder inkl. Anti-Graffiti-Folie<\/p>\n<p>Material:<br \/>\nAluminium, 2,0 mm stark<br \/>\nBedruckt oder mit Hochleistungsfolie beschriftet. Extrem best\u00e4ndig f\u00fcr dauerhafte Beschriftung im Au\u00dfeneinsatz.<br \/>\nWitterungsbest\u00e4ndig<br \/>\nja<br \/>\nTemperaturbest\u00e4ndig in \u00b0C<br \/>\n-40 bis +160<br \/>\nNachtr\u00e4glich beschriftbar<br \/>\n&#8212;<\/p>\n<p>Bestell-Nr.: 520.5474<\/p>\n","protected":false},"excerpt":{"rendered":"<p>Spielplatzschild Kinderspielplatz &#8211; F\u00fcr Kinder bis 12 Jahre &#8211; Benutzung auf eigene Gefahr Gr\u00f6\u00dfe (BxH): 48,0 x 66,0 cm &nbsp; Ausf\u00fchrung Kinderspielplatz F\u00fcr Kinder bis 12 Jahre Gr\u00f6\u00dfe B x H in cm 48,0 x 66,0 Breite 48,0 cm H\u00f6he 66,0 cm Form rechteckig Material Aluminium St\u00e4rke 2,0 mm Lieferform Einzelst\u00fcck Befestigungsart zum Verschrauben &nbsp; [&hellip;]<\/p>\n","protected":false},"featured_media":11545,"template":"","meta":[],"product_brand":[],"product_cat":[66],"product_tag":[],"class_list":{"0":"post-11546","1":"product","2":"type-product","3":"status-publish","4":"has-post-thumbnail","6":"product_cat-hinweisschilder","8":"first","9":"instock","10":"taxable","11":"shipping-taxable","12":"purchasable","13":"product-type-simple"},"jetpack_sharing_enabled":true,"_links":{"self":[{"href":"https:\/\/dse-deutschland.de\/Shop_Schilder\/wp-json\/wp\/v2\/product\/11546","targetHints":{"allow":["GET"]}}],"collection":[{"href":"https:\/\/dse-deutschland.de\/Shop_Schilder\/wp-json\/wp\/v2\/product"}],"about":[{"href":"https:\/\/dse-deutschland.de\/Shop_Schilder\/wp-json\/wp\/v2\/types\/product"}],"wp:featuredmedia":[{"embeddable":true,"href":"https:\/\/dse-deutschland.de\/Shop_Schilder\/wp-json\/wp\/v2\/media\/11545"}],"wp:attachment":[{"href":"https:\/\/dse-deutschland.de\/Shop_Schilder\/wp-json\/wp\/v2\/media?parent=11546"}],"wp:term":[{"taxonomy":"product_brand","embeddable":true,"href":"https:\/\/dse-deutschland.de\/Shop_Schilder\/wp-json\/wp\/v2\/product_brand?post=11546"},{"taxonomy":"product_cat","embeddable":true,"href":"https:\/\/dse-deutschland.de\/Shop_Schilder\/wp-json\/wp\/v2\/product_cat?post=11546"},{"taxonomy":"product_tag","embeddable":true,"href":"https:\/\/dse-deutschland.de\/Shop_Schilder\/wp-json\/wp\/v2\/product_tag?post=11546"}],"curies":[{"name":"wp","href":"https:\/\/api.w.org\/{rel}","templated":true}]}}