{"id":11540,"date":"2018-06-20T08:50:01","date_gmt":"2018-06-20T06:50:01","guid":{"rendered":"http:\/\/dse-dueren.de\/Shop_Schilder\/produkt\/spielplatzschild-spielgeraete-mit-helm-beklettern-verboten\/"},"modified":"2022-12-16T14:36:39","modified_gmt":"2022-12-16T13:36:39","slug":"spielplatzschild-spielgeraete-mit-helm-beklettern-verboten","status":"publish","type":"product","link":"https:\/\/dse-deutschland.de\/Shop_Schilder\/produkt\/spielplatzschild-spielgeraete-mit-helm-beklettern-verboten\/","title":{"rendered":"Spielplatzschild Spielger\u00e4te mit Helm beklettern verboten"},"content":{"rendered":"<p>Spielplatzschild Spielger\u00e4te mit Helm beklettern verboten Gr\u00f6\u00dfe (Durchm.): 42,0 cm<\/p>\n<p>&nbsp;<\/p>\n<p>Gr\u00f6\u00dfe \u00d8 in cm<br \/>\n42,0<br \/>\nDurchmesser<br \/>\n42,0 cm<br \/>\nForm<br \/>\nrund<br \/>\nMaterial<br \/>\nAluminium<br \/>\nSt\u00e4rke<br \/>\n2,0 mm<br \/>\nLieferform<br \/>\nEinzelst\u00fcck<br \/>\nBefestigungsart<br \/>\nzum Verschrauben<\/p>\n<p>Helm tragen verboten<\/p>\n<p>Material:<br \/>\nAluminium, 2,0 mm stark<br \/>\nBedruckt oder mit Hochleistungsfolie beschriftet. Extrem best\u00e4ndig f\u00fcr dauerhafte Beschriftung im Au\u00dfeneinsatz.<br \/>\nWitterungsbest\u00e4ndig<br \/>\nja<br \/>\nTemperaturbest\u00e4ndig in \u00b0C<br \/>\n-40 bis +160<br \/>\nNachtr\u00e4glich beschriftbar<br \/>\n&#8212;<\/p>\n<p>Bestell-Nr.: 520.5471<\/p>\n<p>&nbsp;<\/p>\n","protected":false},"excerpt":{"rendered":"<p>Spielplatzschild Spielger\u00e4te mit Helm beklettern verboten Gr\u00f6\u00dfe (Durchm.): 42,0 cm &nbsp; Gr\u00f6\u00dfe \u00d8 in cm 42,0 Durchmesser 42,0 cm Form rund Material Aluminium St\u00e4rke 2,0 mm Lieferform Einzelst\u00fcck Befestigungsart zum Verschrauben Helm tragen verboten Material: Aluminium, 2,0 mm stark Bedruckt oder mit Hochleistungsfolie beschriftet. Extrem best\u00e4ndig f\u00fcr dauerhafte Beschriftung im Au\u00dfeneinsatz. Witterungsbest\u00e4ndig ja Temperaturbest\u00e4ndig in [&hellip;]<\/p>\n","protected":false},"featured_media":11539,"template":"","meta":[],"product_brand":[],"product_cat":[66],"product_tag":[],"class_list":{"0":"post-11540","1":"product","2":"type-product","3":"status-publish","4":"has-post-thumbnail","6":"product_cat-hinweisschilder","8":"first","9":"instock","10":"taxable","11":"shipping-taxable","12":"purchasable","13":"product-type-simple"},"jetpack_sharing_enabled":true,"_links":{"self":[{"href":"https:\/\/dse-deutschland.de\/Shop_Schilder\/wp-json\/wp\/v2\/product\/11540","targetHints":{"allow":["GET"]}}],"collection":[{"href":"https:\/\/dse-deutschland.de\/Shop_Schilder\/wp-json\/wp\/v2\/product"}],"about":[{"href":"https:\/\/dse-deutschland.de\/Shop_Schilder\/wp-json\/wp\/v2\/types\/product"}],"wp:featuredmedia":[{"embeddable":true,"href":"https:\/\/dse-deutschland.de\/Shop_Schilder\/wp-json\/wp\/v2\/media\/11539"}],"wp:attachment":[{"href":"https:\/\/dse-deutschland.de\/Shop_Schilder\/wp-json\/wp\/v2\/media?parent=11540"}],"wp:term":[{"taxonomy":"product_brand","embeddable":true,"href":"https:\/\/dse-deutschland.de\/Shop_Schilder\/wp-json\/wp\/v2\/product_brand?post=11540"},{"taxonomy":"product_cat","embeddable":true,"href":"https:\/\/dse-deutschland.de\/Shop_Schilder\/wp-json\/wp\/v2\/product_cat?post=11540"},{"taxonomy":"product_tag","embeddable":true,"href":"https:\/\/dse-deutschland.de\/Shop_Schilder\/wp-json\/wp\/v2\/product_tag?post=11540"}],"curies":[{"name":"wp","href":"https:\/\/api.w.org\/{rel}","templated":true}]}}