{"id":11538,"date":"2018-06-20T08:50:00","date_gmt":"2018-06-20T06:50:00","guid":{"rendered":"http:\/\/dse-dueren.de\/Shop_Schilder\/produkt\/hinweisschild-grundbesitzkennzeichnung-privatgrundstueck-es-ist-untersagt-5-verbotsschilder-die-eigentuemergemeinschaft\/"},"modified":"2022-12-16T14:36:36","modified_gmt":"2022-12-16T13:36:36","slug":"hinweisschild-grundbesitzkennzeichnung-privatgrundstueck-es-ist-untersagt-5-verbotsschilder-die-eigentuemergemeinschaft","status":"publish","type":"product","link":"https:\/\/dse-deutschland.de\/Shop_Schilder\/produkt\/hinweisschild-grundbesitzkennzeichnung-privatgrundstueck-es-ist-untersagt-5-verbotsschilder-die-eigentuemergemeinschaft\/","title":{"rendered":"Hinweisschild &#8211; Grundbesitzkennzeichnung Privatgrundst\u00fcck Es ist untersagt: (5 Verbotsschilder) Die Eigent\u00fcmergemeinschaft"},"content":{"rendered":"<p>Hinweisschild &#8211; Grundbesitzkennzeichnung Privatgrundst\u00fcck Es ist untersagt: (5 Verbotsschilder) Die Eigent\u00fcmergemeinschaft Gr\u00f6\u00dfe (BxH): 48,0 x 58,0 cm<\/p>\n","protected":false},"excerpt":{"rendered":"<p>Hinweisschild &#8211; Grundbesitzkennzeichnung Privatgrundst\u00fcck Es ist untersagt: (5 Verbotsschilder) Die Eigent\u00fcmergemeinschaft Gr\u00f6\u00dfe (BxH): 48,0 x 58,0 cm<\/p>\n","protected":false},"featured_media":11537,"template":"","meta":[],"product_brand":[],"product_cat":[66],"product_tag":[],"class_list":{"0":"post-11538","1":"product","2":"type-product","3":"status-publish","4":"has-post-thumbnail","6":"product_cat-hinweisschilder","8":"first","9":"instock","10":"taxable","11":"shipping-taxable","12":"purchasable","13":"product-type-simple"},"jetpack_sharing_enabled":true,"_links":{"self":[{"href":"https:\/\/dse-deutschland.de\/Shop_Schilder\/wp-json\/wp\/v2\/product\/11538","targetHints":{"allow":["GET"]}}],"collection":[{"href":"https:\/\/dse-deutschland.de\/Shop_Schilder\/wp-json\/wp\/v2\/product"}],"about":[{"href":"https:\/\/dse-deutschland.de\/Shop_Schilder\/wp-json\/wp\/v2\/types\/product"}],"wp:featuredmedia":[{"embeddable":true,"href":"https:\/\/dse-deutschland.de\/Shop_Schilder\/wp-json\/wp\/v2\/media\/11537"}],"wp:attachment":[{"href":"https:\/\/dse-deutschland.de\/Shop_Schilder\/wp-json\/wp\/v2\/media?parent=11538"}],"wp:term":[{"taxonomy":"product_brand","embeddable":true,"href":"https:\/\/dse-deutschland.de\/Shop_Schilder\/wp-json\/wp\/v2\/product_brand?post=11538"},{"taxonomy":"product_cat","embeddable":true,"href":"https:\/\/dse-deutschland.de\/Shop_Schilder\/wp-json\/wp\/v2\/product_cat?post=11538"},{"taxonomy":"product_tag","embeddable":true,"href":"https:\/\/dse-deutschland.de\/Shop_Schilder\/wp-json\/wp\/v2\/product_tag?post=11538"}],"curies":[{"name":"wp","href":"https:\/\/api.w.org\/{rel}","templated":true}]}}