{"id":11532,"date":"2018-06-20T08:49:58","date_gmt":"2018-06-20T06:49:58","guid":{"rendered":"http:\/\/dse-dueren.de\/Shop_Schilder\/produkt\/spielplatzschild-kinderspielplatz-die-geraete-duerfen-nur\/"},"modified":"2022-12-16T14:36:36","modified_gmt":"2022-12-16T13:36:36","slug":"spielplatzschild-kinderspielplatz-die-geraete-duerfen-nur","status":"publish","type":"product","link":"https:\/\/dse-deutschland.de\/Shop_Schilder\/produkt\/spielplatzschild-kinderspielplatz-die-geraete-duerfen-nur\/","title":{"rendered":"Spielplatzschild Kinderspielplatz Die Ger\u00e4te d\u00fcrfen nur.."},"content":{"rendered":"<p>Spielplatzschild Kinderspielplatz Die Ger\u00e4te d\u00fcrfen nur..  Gr\u00f6\u00dfe (BxH): 75,0 x 50,0 cm<\/p>\n","protected":false},"excerpt":{"rendered":"<p>Spielplatzschild Kinderspielplatz Die Ger\u00e4te d\u00fcrfen nur.. Gr\u00f6\u00dfe (BxH): 75,0 x 50,0 cm<\/p>\n","protected":false},"featured_media":11531,"template":"","meta":[],"product_brand":[],"product_cat":[66],"product_tag":[],"class_list":{"0":"post-11532","1":"product","2":"type-product","3":"status-publish","4":"has-post-thumbnail","6":"product_cat-hinweisschilder","8":"first","9":"instock","10":"taxable","11":"shipping-taxable","12":"purchasable","13":"product-type-simple"},"jetpack_sharing_enabled":true,"_links":{"self":[{"href":"https:\/\/dse-deutschland.de\/Shop_Schilder\/wp-json\/wp\/v2\/product\/11532","targetHints":{"allow":["GET"]}}],"collection":[{"href":"https:\/\/dse-deutschland.de\/Shop_Schilder\/wp-json\/wp\/v2\/product"}],"about":[{"href":"https:\/\/dse-deutschland.de\/Shop_Schilder\/wp-json\/wp\/v2\/types\/product"}],"wp:featuredmedia":[{"embeddable":true,"href":"https:\/\/dse-deutschland.de\/Shop_Schilder\/wp-json\/wp\/v2\/media\/11531"}],"wp:attachment":[{"href":"https:\/\/dse-deutschland.de\/Shop_Schilder\/wp-json\/wp\/v2\/media?parent=11532"}],"wp:term":[{"taxonomy":"product_brand","embeddable":true,"href":"https:\/\/dse-deutschland.de\/Shop_Schilder\/wp-json\/wp\/v2\/product_brand?post=11532"},{"taxonomy":"product_cat","embeddable":true,"href":"https:\/\/dse-deutschland.de\/Shop_Schilder\/wp-json\/wp\/v2\/product_cat?post=11532"},{"taxonomy":"product_tag","embeddable":true,"href":"https:\/\/dse-deutschland.de\/Shop_Schilder\/wp-json\/wp\/v2\/product_tag?post=11532"}],"curies":[{"name":"wp","href":"https:\/\/api.w.org\/{rel}","templated":true}]}}