{"id":11518,"date":"2018-06-20T08:49:54","date_gmt":"2018-06-20T06:49:54","guid":{"rendered":"http:\/\/dse-dueren.de\/Shop_Schilder\/produkt\/hinweisschild-fuer-wald-und-freizeitanlagen-dieser-weg-ist-nicht-gestreut-benutzung-auf-eigene-gefahr\/"},"modified":"2022-12-16T14:36:32","modified_gmt":"2022-12-16T13:36:32","slug":"hinweisschild-fuer-wald-und-freizeitanlagen-dieser-weg-ist-nicht-gestreut-benutzung-auf-eigene-gefahr","status":"publish","type":"product","link":"https:\/\/dse-deutschland.de\/Shop_Schilder\/produkt\/hinweisschild-fuer-wald-und-freizeitanlagen-dieser-weg-ist-nicht-gestreut-benutzung-auf-eigene-gefahr\/","title":{"rendered":"Hinweisschild f\u00fcr Wald- und Freizeitanlagen Dieser Weg ist nicht gestreut! Benutzung auf eigene Gefahr"},"content":{"rendered":"<p>Hinweisschild f\u00fcr Wald- und Freizeitanlagen Dieser Weg ist nicht gestreut! Benutzung auf eigene Gefahr Gr\u00f6\u00dfe (BxH): 33,0 x 25,0 cm<\/p>\n<p>&nbsp;<\/p>\n<p>Dieser Weg ist nicht gestreut! Benutzung auf eigene Gefahr!<\/p>\n<p>Material:<br \/>\nAluminium gepr\u00e4gt, mit kratzfester Einbrennlackierung<br \/>\nEin Spezialprodukt, das trotz seines g\u00fcnstigen Preises Ihren Anforderungen einer dauerhaften Kennzeichnung im Innen- und Au\u00dfeneinsatz gerecht wird. Materialst\u00e4rke: 0,4 &#8211; 0,8 mm.<br \/>\nWitterungsbest\u00e4ndig<br \/>\nja<br \/>\nTemperaturbest\u00e4ndig in \u00b0C<br \/>\n-40 bis +160<br \/>\nNachtr\u00e4glich beschriftbar<br \/>\n&#8212;<\/p>\n<p>Bestell-Nr.: 110.5447<\/p>\n","protected":false},"excerpt":{"rendered":"<p>Hinweisschild f\u00fcr Wald- und Freizeitanlagen Dieser Weg ist nicht gestreut! Benutzung auf eigene Gefahr Gr\u00f6\u00dfe (BxH): 33,0 x 25,0 cm &nbsp; Dieser Weg ist nicht gestreut! Benutzung auf eigene Gefahr! Material: Aluminium gepr\u00e4gt, mit kratzfester Einbrennlackierung Ein Spezialprodukt, das trotz seines g\u00fcnstigen Preises Ihren Anforderungen einer dauerhaften Kennzeichnung im Innen- und Au\u00dfeneinsatz gerecht wird. Materialst\u00e4rke: [&hellip;]<\/p>\n","protected":false},"featured_media":11517,"template":"","meta":[],"product_brand":[],"product_cat":[66],"product_tag":[],"class_list":{"0":"post-11518","1":"product","2":"type-product","3":"status-publish","4":"has-post-thumbnail","6":"product_cat-hinweisschilder","8":"first","9":"instock","10":"taxable","11":"shipping-taxable","12":"purchasable","13":"product-type-simple"},"jetpack_sharing_enabled":true,"_links":{"self":[{"href":"https:\/\/dse-deutschland.de\/Shop_Schilder\/wp-json\/wp\/v2\/product\/11518","targetHints":{"allow":["GET"]}}],"collection":[{"href":"https:\/\/dse-deutschland.de\/Shop_Schilder\/wp-json\/wp\/v2\/product"}],"about":[{"href":"https:\/\/dse-deutschland.de\/Shop_Schilder\/wp-json\/wp\/v2\/types\/product"}],"wp:featuredmedia":[{"embeddable":true,"href":"https:\/\/dse-deutschland.de\/Shop_Schilder\/wp-json\/wp\/v2\/media\/11517"}],"wp:attachment":[{"href":"https:\/\/dse-deutschland.de\/Shop_Schilder\/wp-json\/wp\/v2\/media?parent=11518"}],"wp:term":[{"taxonomy":"product_brand","embeddable":true,"href":"https:\/\/dse-deutschland.de\/Shop_Schilder\/wp-json\/wp\/v2\/product_brand?post=11518"},{"taxonomy":"product_cat","embeddable":true,"href":"https:\/\/dse-deutschland.de\/Shop_Schilder\/wp-json\/wp\/v2\/product_cat?post=11518"},{"taxonomy":"product_tag","embeddable":true,"href":"https:\/\/dse-deutschland.de\/Shop_Schilder\/wp-json\/wp\/v2\/product_tag?post=11518"}],"curies":[{"name":"wp","href":"https:\/\/api.w.org\/{rel}","templated":true}]}}