{"id":11505,"date":"2018-06-20T08:49:37","date_gmt":"2018-06-20T06:49:37","guid":{"rendered":"http:\/\/dse-dueren.de\/Shop_Schilder\/produkt\/gebotsschild-hundekot-entfernen-3\/"},"modified":"2022-12-16T14:36:30","modified_gmt":"2022-12-16T13:36:30","slug":"gebotsschild-hundekot-entfernen-3","status":"publish","type":"product","link":"https:\/\/dse-deutschland.de\/Shop_Schilder\/produkt\/gebotsschild-hundekot-entfernen-3\/","title":{"rendered":"Gebotsschild Hundekot entfernen"},"content":{"rendered":"<p>Gebotsschild Hundekot entfernen Gr\u00f6\u00dfe (Durchm.): 10,0 cm<\/p>\n<p>Ausf\u00fchrung<br \/>\nStandard<br \/>\nGr\u00f6\u00dfe \u00d8 in cm<br \/>\n10,0<br \/>\nDurchmesser<br \/>\n10,0 cm<br \/>\nForm<br \/>\nrund<br \/>\nMaterial<br \/>\nPVC<br \/>\nSt\u00e4rke<br \/>\n0,1 mm<br \/>\nLieferform<br \/>\nEinzelst\u00fcck<br \/>\nSymbol<br \/>\nHundekot entfernen<br \/>\nEigenschaft<br \/>\nselbstklebend<br \/>\nBefestigungsart<br \/>\nzum Verkleben<\/p>\n<p>Hundekot entfernen<\/p>\n<p>Material:<br \/>\nWeich-PVC-Folie, selbstklebend, bedruckt<br \/>\nEinsatz im Innen- und Au\u00dfenbereich m\u00f6glich. Verklebung auf allen glatten, fettfreien und staubfreien Fl\u00e4chen. Materialst\u00e4rke: 0,1 mm.<br \/>\nWitterungsbest\u00e4ndig<br \/>\nja<br \/>\nTemperaturbest\u00e4ndig in \u00b0C<br \/>\n-30 bis +70<\/p>\n<p>Bestell-Nr.: 210.G5110<\/p>\n","protected":false},"excerpt":{"rendered":"<p>Gebotsschild Hundekot entfernen Gr\u00f6\u00dfe (Durchm.): 10,0 cm Ausf\u00fchrung Standard Gr\u00f6\u00dfe \u00d8 in cm 10,0 Durchmesser 10,0 cm Form rund Material PVC St\u00e4rke 0,1 mm Lieferform Einzelst\u00fcck Symbol Hundekot entfernen Eigenschaft selbstklebend Befestigungsart zum Verkleben Hundekot entfernen Material: Weich-PVC-Folie, selbstklebend, bedruckt Einsatz im Innen- und Au\u00dfenbereich m\u00f6glich. Verklebung auf allen glatten, fettfreien und staubfreien Fl\u00e4chen. Materialst\u00e4rke: [&hellip;]<\/p>\n","protected":false},"featured_media":11499,"template":"","meta":[],"product_brand":[],"product_cat":[66],"product_tag":[],"class_list":{"0":"post-11505","1":"product","2":"type-product","3":"status-publish","4":"has-post-thumbnail","6":"product_cat-hinweisschilder","8":"first","9":"instock","10":"taxable","11":"shipping-taxable","12":"purchasable","13":"product-type-simple"},"jetpack_sharing_enabled":true,"_links":{"self":[{"href":"https:\/\/dse-deutschland.de\/Shop_Schilder\/wp-json\/wp\/v2\/product\/11505","targetHints":{"allow":["GET"]}}],"collection":[{"href":"https:\/\/dse-deutschland.de\/Shop_Schilder\/wp-json\/wp\/v2\/product"}],"about":[{"href":"https:\/\/dse-deutschland.de\/Shop_Schilder\/wp-json\/wp\/v2\/types\/product"}],"wp:featuredmedia":[{"embeddable":true,"href":"https:\/\/dse-deutschland.de\/Shop_Schilder\/wp-json\/wp\/v2\/media\/11499"}],"wp:attachment":[{"href":"https:\/\/dse-deutschland.de\/Shop_Schilder\/wp-json\/wp\/v2\/media?parent=11505"}],"wp:term":[{"taxonomy":"product_brand","embeddable":true,"href":"https:\/\/dse-deutschland.de\/Shop_Schilder\/wp-json\/wp\/v2\/product_brand?post=11505"},{"taxonomy":"product_cat","embeddable":true,"href":"https:\/\/dse-deutschland.de\/Shop_Schilder\/wp-json\/wp\/v2\/product_cat?post=11505"},{"taxonomy":"product_tag","embeddable":true,"href":"https:\/\/dse-deutschland.de\/Shop_Schilder\/wp-json\/wp\/v2\/product_tag?post=11505"}],"curies":[{"name":"wp","href":"https:\/\/api.w.org\/{rel}","templated":true}]}}