{"id":11448,"date":"2018-06-20T08:49:08","date_gmt":"2018-06-20T06:49:08","guid":{"rendered":"http:\/\/dse-dueren.de\/Shop_Schilder\/produkt\/hinweisschild-parkverbot-privat-parkplatz-2\/"},"modified":"2022-12-16T14:36:16","modified_gmt":"2022-12-16T13:36:16","slug":"hinweisschild-parkverbot-privat-parkplatz-2","status":"publish","type":"product","link":"https:\/\/dse-deutschland.de\/Shop_Schilder\/produkt\/hinweisschild-parkverbot-privat-parkplatz-2\/","title":{"rendered":"Hinweisschild &#8211; Parkverbot Privat-Parkplatz"},"content":{"rendered":"<p>Hinweisschild &#8211; Parkverbot Privat-Parkplatz Gr\u00f6\u00dfe (BxH): 33,0 x 25,0 cm<\/p>\n<p>&nbsp;<\/p>\n<p>Gr\u00f6\u00dfe B x H in cm<br \/>\n33,0 x 25,0<br \/>\nBreite<br \/>\n33,0 cm<br \/>\nH\u00f6he<br \/>\n25,0 cm<br \/>\nForm<br \/>\nrechteckig<br \/>\nMaterial<br \/>\nAluminium gepr\u00e4gt<br \/>\nSt\u00e4rke<br \/>\n0,4 mm<br \/>\nLieferform<br \/>\nEinzelst\u00fcck<br \/>\nSymbol<br \/>\nParkplatz<br \/>\nBefestigungsart<br \/>\nzum Verschrauben<\/p>\n<p>Privat-Parkplatz<\/p>\n<p>Material:<br \/>\nAluminium gepr\u00e4gt, mit kratzfester Einbrennlackierung<br \/>\nEin Spezialprodukt, das trotz seines g\u00fcnstigen Preises Ihren Anforderungen einer dauerhaften Kennzeichnung im Innen- und Au\u00dfeneinsatz gerecht wird. Materialst\u00e4rke: 0,4 &#8211; 0,8 mm.<br \/>\nWitterungsbest\u00e4ndig<br \/>\nja<br \/>\nTemperaturbest\u00e4ndig in \u00b0C<br \/>\n-40 bis +160<br \/>\nNachtr\u00e4glich beschriftbar<br \/>\n&#8212;<\/p>\n<p>Bestell-Nr.: 110.5578<\/p>\n","protected":false},"excerpt":{"rendered":"<p>Hinweisschild &#8211; Parkverbot Privat-Parkplatz Gr\u00f6\u00dfe (BxH): 33,0 x 25,0 cm &nbsp; Gr\u00f6\u00dfe B x H in cm 33,0 x 25,0 Breite 33,0 cm H\u00f6he 25,0 cm Form rechteckig Material Aluminium gepr\u00e4gt St\u00e4rke 0,4 mm Lieferform Einzelst\u00fcck Symbol Parkplatz Befestigungsart zum Verschrauben Privat-Parkplatz Material: Aluminium gepr\u00e4gt, mit kratzfester Einbrennlackierung Ein Spezialprodukt, das trotz seines g\u00fcnstigen Preises [&hellip;]<\/p>\n","protected":false},"featured_media":11446,"template":"","meta":[],"product_brand":[],"product_cat":[66],"product_tag":[],"class_list":{"0":"post-11448","1":"product","2":"type-product","3":"status-publish","4":"has-post-thumbnail","6":"product_cat-hinweisschilder","8":"first","9":"instock","10":"taxable","11":"shipping-taxable","12":"purchasable","13":"product-type-simple"},"jetpack_sharing_enabled":true,"_links":{"self":[{"href":"https:\/\/dse-deutschland.de\/Shop_Schilder\/wp-json\/wp\/v2\/product\/11448","targetHints":{"allow":["GET"]}}],"collection":[{"href":"https:\/\/dse-deutschland.de\/Shop_Schilder\/wp-json\/wp\/v2\/product"}],"about":[{"href":"https:\/\/dse-deutschland.de\/Shop_Schilder\/wp-json\/wp\/v2\/types\/product"}],"wp:featuredmedia":[{"embeddable":true,"href":"https:\/\/dse-deutschland.de\/Shop_Schilder\/wp-json\/wp\/v2\/media\/11446"}],"wp:attachment":[{"href":"https:\/\/dse-deutschland.de\/Shop_Schilder\/wp-json\/wp\/v2\/media?parent=11448"}],"wp:term":[{"taxonomy":"product_brand","embeddable":true,"href":"https:\/\/dse-deutschland.de\/Shop_Schilder\/wp-json\/wp\/v2\/product_brand?post=11448"},{"taxonomy":"product_cat","embeddable":true,"href":"https:\/\/dse-deutschland.de\/Shop_Schilder\/wp-json\/wp\/v2\/product_cat?post=11448"},{"taxonomy":"product_tag","embeddable":true,"href":"https:\/\/dse-deutschland.de\/Shop_Schilder\/wp-json\/wp\/v2\/product_tag?post=11448"}],"curies":[{"name":"wp","href":"https:\/\/api.w.org\/{rel}","templated":true}]}}