{"id":11436,"date":"2018-06-20T08:49:04","date_gmt":"2018-06-20T06:49:04","guid":{"rendered":"http:\/\/dse-dueren.de\/Shop_Schilder\/produkt\/hinweisschild-fuer-parkplaetze-reserviert-fuer-mit-max-20-zeichen-text-nach-wahl\/"},"modified":"2022-12-16T14:36:13","modified_gmt":"2022-12-16T13:36:13","slug":"hinweisschild-fuer-parkplaetze-reserviert-fuer-mit-max-20-zeichen-text-nach-wahl","status":"publish","type":"product","link":"https:\/\/dse-deutschland.de\/Shop_Schilder\/produkt\/hinweisschild-fuer-parkplaetze-reserviert-fuer-mit-max-20-zeichen-text-nach-wahl\/","title":{"rendered":"Hinweisschild f\u00fcr Parkpl\u00e4tze Reserviert f\u00fcr &#8230; mit max. 20 Zeichen Text nach Wahl"},"content":{"rendered":"<p>Hinweisschild f\u00fcr Parkpl\u00e4tze Reserviert f\u00fcr &#8230; mit max. 20 Zeichen Text nach Wahl Gr\u00f6\u00dfe (BxH): 40,0 x 25,0 cm<\/p>\n","protected":false},"excerpt":{"rendered":"<p>Hinweisschild f\u00fcr Parkpl\u00e4tze Reserviert f\u00fcr &#8230; mit max. 20 Zeichen Text nach Wahl Gr\u00f6\u00dfe (BxH): 40,0 x 25,0 cm<\/p>\n","protected":false},"featured_media":11434,"template":"","meta":[],"product_brand":[],"product_cat":[66],"product_tag":[],"class_list":{"0":"post-11436","1":"product","2":"type-product","3":"status-publish","4":"has-post-thumbnail","6":"product_cat-hinweisschilder","8":"first","9":"instock","10":"taxable","11":"shipping-taxable","12":"purchasable","13":"product-type-simple"},"jetpack_sharing_enabled":true,"_links":{"self":[{"href":"https:\/\/dse-deutschland.de\/Shop_Schilder\/wp-json\/wp\/v2\/product\/11436","targetHints":{"allow":["GET"]}}],"collection":[{"href":"https:\/\/dse-deutschland.de\/Shop_Schilder\/wp-json\/wp\/v2\/product"}],"about":[{"href":"https:\/\/dse-deutschland.de\/Shop_Schilder\/wp-json\/wp\/v2\/types\/product"}],"wp:featuredmedia":[{"embeddable":true,"href":"https:\/\/dse-deutschland.de\/Shop_Schilder\/wp-json\/wp\/v2\/media\/11434"}],"wp:attachment":[{"href":"https:\/\/dse-deutschland.de\/Shop_Schilder\/wp-json\/wp\/v2\/media?parent=11436"}],"wp:term":[{"taxonomy":"product_brand","embeddable":true,"href":"https:\/\/dse-deutschland.de\/Shop_Schilder\/wp-json\/wp\/v2\/product_brand?post=11436"},{"taxonomy":"product_cat","embeddable":true,"href":"https:\/\/dse-deutschland.de\/Shop_Schilder\/wp-json\/wp\/v2\/product_cat?post=11436"},{"taxonomy":"product_tag","embeddable":true,"href":"https:\/\/dse-deutschland.de\/Shop_Schilder\/wp-json\/wp\/v2\/product_tag?post=11436"}],"curies":[{"name":"wp","href":"https:\/\/api.w.org\/{rel}","templated":true}]}}