{"id":11375,"date":"2018-06-20T08:48:24","date_gmt":"2018-06-20T06:48:24","guid":{"rendered":"http:\/\/dse-dueren.de\/Shop_Schilder\/produkt\/hinweisschild-zur-grundbesitzkennzeichnung-privatgrundstueck-begehen-u-befahren-auf-eigene-gefahr\/"},"modified":"2022-12-16T14:35:54","modified_gmt":"2022-12-16T13:35:54","slug":"hinweisschild-zur-grundbesitzkennzeichnung-privatgrundstueck-begehen-u-befahren-auf-eigene-gefahr","status":"publish","type":"product","link":"https:\/\/dse-deutschland.de\/Shop_Schilder\/produkt\/hinweisschild-zur-grundbesitzkennzeichnung-privatgrundstueck-begehen-u-befahren-auf-eigene-gefahr\/","title":{"rendered":"Hinweisschild zur Grundbesitzkennzeichnung Privatgrundst\u00fcck &#8211; Begehen u. Befahren auf eigene Gefahr"},"content":{"rendered":"<p>Hinweisschild zur Grundbesitzkennzeichnung Privatgrundst\u00fcck &#8211; Begehen u. Befahren auf eigene Gefahr Gr\u00f6\u00dfe (BxH): 30,0 x 20,0 cm<\/p>\n","protected":false},"excerpt":{"rendered":"<p>Hinweisschild zur Grundbesitzkennzeichnung Privatgrundst\u00fcck &#8211; Begehen u. Befahren auf eigene Gefahr Gr\u00f6\u00dfe (BxH): 30,0 x 20,0 cm<\/p>\n","protected":false},"featured_media":11374,"template":"","meta":[],"product_brand":[],"product_cat":[66],"product_tag":[],"class_list":{"0":"post-11375","1":"product","2":"type-product","3":"status-publish","4":"has-post-thumbnail","6":"product_cat-hinweisschilder","8":"first","9":"instock","10":"taxable","11":"shipping-taxable","12":"purchasable","13":"product-type-simple"},"jetpack_sharing_enabled":true,"_links":{"self":[{"href":"https:\/\/dse-deutschland.de\/Shop_Schilder\/wp-json\/wp\/v2\/product\/11375","targetHints":{"allow":["GET"]}}],"collection":[{"href":"https:\/\/dse-deutschland.de\/Shop_Schilder\/wp-json\/wp\/v2\/product"}],"about":[{"href":"https:\/\/dse-deutschland.de\/Shop_Schilder\/wp-json\/wp\/v2\/types\/product"}],"wp:featuredmedia":[{"embeddable":true,"href":"https:\/\/dse-deutschland.de\/Shop_Schilder\/wp-json\/wp\/v2\/media\/11374"}],"wp:attachment":[{"href":"https:\/\/dse-deutschland.de\/Shop_Schilder\/wp-json\/wp\/v2\/media?parent=11375"}],"wp:term":[{"taxonomy":"product_brand","embeddable":true,"href":"https:\/\/dse-deutschland.de\/Shop_Schilder\/wp-json\/wp\/v2\/product_brand?post=11375"},{"taxonomy":"product_cat","embeddable":true,"href":"https:\/\/dse-deutschland.de\/Shop_Schilder\/wp-json\/wp\/v2\/product_cat?post=11375"},{"taxonomy":"product_tag","embeddable":true,"href":"https:\/\/dse-deutschland.de\/Shop_Schilder\/wp-json\/wp\/v2\/product_tag?post=11375"}],"curies":[{"name":"wp","href":"https:\/\/api.w.org\/{rel}","templated":true}]}}