{"id":11365,"date":"2018-06-20T08:48:11","date_gmt":"2018-06-20T06:48:11","guid":{"rendered":"http:\/\/dse-dueren.de\/Shop_Schilder\/produkt\/nostalgie-strassennamenschild-mit-antiqua-rand-blau-weiss-mit-max-20-zeichen-text-nach-wahl\/"},"modified":"2022-12-16T14:35:51","modified_gmt":"2022-12-16T13:35:51","slug":"nostalgie-strassennamenschild-mit-antiqua-rand-blau-weiss-mit-max-20-zeichen-text-nach-wahl","status":"publish","type":"product","link":"https:\/\/dse-deutschland.de\/Shop_Schilder\/produkt\/nostalgie-strassennamenschild-mit-antiqua-rand-blau-weiss-mit-max-20-zeichen-text-nach-wahl\/","title":{"rendered":"Nostalgie-Stra\u00dfennamenschild mit Antiqua Rand, blau\/wei\u00df, mit max. 20 Zeichen Text nach Wahl"},"content":{"rendered":"<p>Nostalgie-Stra\u00dfennamenschild mit Antiqua Rand, blau\/wei\u00df, mit max. 20 Zeichen Text nach Wahl Gr\u00f6\u00dfe (BxH): 60,0 x 13,0 cm<\/p>\n","protected":false},"excerpt":{"rendered":"<p>Nostalgie-Stra\u00dfennamenschild mit Antiqua Rand, blau\/wei\u00df, mit max. 20 Zeichen Text nach Wahl Gr\u00f6\u00dfe (BxH): 60,0 x 13,0 cm<\/p>\n","protected":false},"featured_media":11364,"template":"","meta":[],"product_brand":[],"product_cat":[66],"product_tag":[],"class_list":{"0":"post-11365","1":"product","2":"type-product","3":"status-publish","4":"has-post-thumbnail","6":"product_cat-hinweisschilder","8":"first","9":"instock","10":"taxable","11":"shipping-taxable","12":"purchasable","13":"product-type-simple"},"jetpack_sharing_enabled":true,"_links":{"self":[{"href":"https:\/\/dse-deutschland.de\/Shop_Schilder\/wp-json\/wp\/v2\/product\/11365","targetHints":{"allow":["GET"]}}],"collection":[{"href":"https:\/\/dse-deutschland.de\/Shop_Schilder\/wp-json\/wp\/v2\/product"}],"about":[{"href":"https:\/\/dse-deutschland.de\/Shop_Schilder\/wp-json\/wp\/v2\/types\/product"}],"wp:featuredmedia":[{"embeddable":true,"href":"https:\/\/dse-deutschland.de\/Shop_Schilder\/wp-json\/wp\/v2\/media\/11364"}],"wp:attachment":[{"href":"https:\/\/dse-deutschland.de\/Shop_Schilder\/wp-json\/wp\/v2\/media?parent=11365"}],"wp:term":[{"taxonomy":"product_brand","embeddable":true,"href":"https:\/\/dse-deutschland.de\/Shop_Schilder\/wp-json\/wp\/v2\/product_brand?post=11365"},{"taxonomy":"product_cat","embeddable":true,"href":"https:\/\/dse-deutschland.de\/Shop_Schilder\/wp-json\/wp\/v2\/product_cat?post=11365"},{"taxonomy":"product_tag","embeddable":true,"href":"https:\/\/dse-deutschland.de\/Shop_Schilder\/wp-json\/wp\/v2\/product_tag?post=11365"}],"curies":[{"name":"wp","href":"https:\/\/api.w.org\/{rel}","templated":true}]}}