{"id":11353,"date":"2018-06-20T08:47:56","date_gmt":"2018-06-20T06:47:56","guid":{"rendered":"http:\/\/dse-dueren.de\/Shop_Schilder\/produkt\/nostalgie-hausnummernschild-mit-antiqua-rand-blau-weiss-mit-max-2-zeichen-text-nach-wahl\/"},"modified":"2022-12-16T14:35:48","modified_gmt":"2022-12-16T13:35:48","slug":"nostalgie-hausnummernschild-mit-antiqua-rand-blau-weiss-mit-max-2-zeichen-text-nach-wahl","status":"publish","type":"product","link":"https:\/\/dse-deutschland.de\/Shop_Schilder\/produkt\/nostalgie-hausnummernschild-mit-antiqua-rand-blau-weiss-mit-max-2-zeichen-text-nach-wahl\/","title":{"rendered":"Nostalgie-Hausnummernschild mit Antiqua-Rand, blau\/wei\u00df mit max. 2 Zeichen Text nach Wahl"},"content":{"rendered":"<p>Nostalgie-Hausnummernschild mit Antiqua-Rand, blau\/wei\u00df mit max. 2 Zeichen Text nach Wahl Gr\u00f6\u00dfe (BxH): 15,0 x 12,0 cm<\/p>\n","protected":false},"excerpt":{"rendered":"<p>Nostalgie-Hausnummernschild mit Antiqua-Rand, blau\/wei\u00df mit max. 2 Zeichen Text nach Wahl Gr\u00f6\u00dfe (BxH): 15,0 x 12,0 cm<\/p>\n","protected":false},"featured_media":11352,"template":"","meta":[],"product_brand":[],"product_cat":[66],"product_tag":[],"class_list":{"0":"post-11353","1":"product","2":"type-product","3":"status-publish","4":"has-post-thumbnail","6":"product_cat-hinweisschilder","8":"first","9":"instock","10":"taxable","11":"shipping-taxable","12":"purchasable","13":"product-type-simple"},"jetpack_sharing_enabled":true,"_links":{"self":[{"href":"https:\/\/dse-deutschland.de\/Shop_Schilder\/wp-json\/wp\/v2\/product\/11353","targetHints":{"allow":["GET"]}}],"collection":[{"href":"https:\/\/dse-deutschland.de\/Shop_Schilder\/wp-json\/wp\/v2\/product"}],"about":[{"href":"https:\/\/dse-deutschland.de\/Shop_Schilder\/wp-json\/wp\/v2\/types\/product"}],"wp:featuredmedia":[{"embeddable":true,"href":"https:\/\/dse-deutschland.de\/Shop_Schilder\/wp-json\/wp\/v2\/media\/11352"}],"wp:attachment":[{"href":"https:\/\/dse-deutschland.de\/Shop_Schilder\/wp-json\/wp\/v2\/media?parent=11353"}],"wp:term":[{"taxonomy":"product_brand","embeddable":true,"href":"https:\/\/dse-deutschland.de\/Shop_Schilder\/wp-json\/wp\/v2\/product_brand?post=11353"},{"taxonomy":"product_cat","embeddable":true,"href":"https:\/\/dse-deutschland.de\/Shop_Schilder\/wp-json\/wp\/v2\/product_cat?post=11353"},{"taxonomy":"product_tag","embeddable":true,"href":"https:\/\/dse-deutschland.de\/Shop_Schilder\/wp-json\/wp\/v2\/product_tag?post=11353"}],"curies":[{"name":"wp","href":"https:\/\/api.w.org\/{rel}","templated":true}]}}