{"id":11314,"date":"2018-06-20T08:47:33","date_gmt":"2018-06-20T06:47:33","guid":{"rendered":"http:\/\/dse-dueren.de\/Shop_Schilder\/produkt\/hinweisschild-gaststaetten-pensionen-hotels-vorderseite-zimmer-frei-rueckseite-zimmer-belegt\/"},"modified":"2022-12-16T14:35:34","modified_gmt":"2022-12-16T13:35:34","slug":"hinweisschild-gaststaetten-pensionen-hotels-vorderseite-zimmer-frei-rueckseite-zimmer-belegt","status":"publish","type":"product","link":"https:\/\/dse-deutschland.de\/Shop_Schilder\/produkt\/hinweisschild-gaststaetten-pensionen-hotels-vorderseite-zimmer-frei-rueckseite-zimmer-belegt\/","title":{"rendered":"Hinweisschild &#8211; Gastst\u00e4tten, Pensionen, Hotels Vorderseite: Zimmer frei, R\u00fcckseite: Zimmer belegt"},"content":{"rendered":"<p>Hinweisschild &#8211; Gastst\u00e4tten, Pensionen, Hotels Vorderseite: Zimmer frei, R\u00fcckseite: Zimmer belegt  Gr\u00f6\u00dfe (BxH): 30,0 x 20,0 cm<\/p>\n","protected":false},"excerpt":{"rendered":"<p>Hinweisschild &#8211; Gastst\u00e4tten, Pensionen, Hotels Vorderseite: Zimmer frei, R\u00fcckseite: Zimmer belegt Gr\u00f6\u00dfe (BxH): 30,0 x 20,0 cm<\/p>\n","protected":false},"featured_media":11313,"template":"","meta":[],"product_brand":[],"product_cat":[66],"product_tag":[],"class_list":{"0":"post-11314","1":"product","2":"type-product","3":"status-publish","4":"has-post-thumbnail","6":"product_cat-hinweisschilder","8":"first","9":"instock","10":"taxable","11":"shipping-taxable","12":"purchasable","13":"product-type-simple"},"jetpack_sharing_enabled":true,"_links":{"self":[{"href":"https:\/\/dse-deutschland.de\/Shop_Schilder\/wp-json\/wp\/v2\/product\/11314","targetHints":{"allow":["GET"]}}],"collection":[{"href":"https:\/\/dse-deutschland.de\/Shop_Schilder\/wp-json\/wp\/v2\/product"}],"about":[{"href":"https:\/\/dse-deutschland.de\/Shop_Schilder\/wp-json\/wp\/v2\/types\/product"}],"wp:featuredmedia":[{"embeddable":true,"href":"https:\/\/dse-deutschland.de\/Shop_Schilder\/wp-json\/wp\/v2\/media\/11313"}],"wp:attachment":[{"href":"https:\/\/dse-deutschland.de\/Shop_Schilder\/wp-json\/wp\/v2\/media?parent=11314"}],"wp:term":[{"taxonomy":"product_brand","embeddable":true,"href":"https:\/\/dse-deutschland.de\/Shop_Schilder\/wp-json\/wp\/v2\/product_brand?post=11314"},{"taxonomy":"product_cat","embeddable":true,"href":"https:\/\/dse-deutschland.de\/Shop_Schilder\/wp-json\/wp\/v2\/product_cat?post=11314"},{"taxonomy":"product_tag","embeddable":true,"href":"https:\/\/dse-deutschland.de\/Shop_Schilder\/wp-json\/wp\/v2\/product_tag?post=11314"}],"curies":[{"name":"wp","href":"https:\/\/api.w.org\/{rel}","templated":true}]}}