{"id":11304,"date":"2018-06-20T08:47:30","date_gmt":"2018-06-20T06:47:30","guid":{"rendered":"http:\/\/dse-dueren.de\/Shop_Schilder\/produkt\/hinweisschild-gewerbe-und-privat-nur-toilettenpapier-verwenden-keine-abfaelle-binden-oder-hartpapier-in-das-wc-werfen\/"},"modified":"2022-12-16T14:35:32","modified_gmt":"2022-12-16T13:35:32","slug":"hinweisschild-gewerbe-und-privat-nur-toilettenpapier-verwenden-keine-abfaelle-binden-oder-hartpapier-in-das-wc-werfen","status":"publish","type":"product","link":"https:\/\/dse-deutschland.de\/Shop_Schilder\/produkt\/hinweisschild-gewerbe-und-privat-nur-toilettenpapier-verwenden-keine-abfaelle-binden-oder-hartpapier-in-das-wc-werfen\/","title":{"rendered":"Hinweisschild &#8211; Gewerbe und Privat Nur Toilettenpapier verwenden. Keine Abf\u00e4lle, Binden oder Hartpapier in das WC werfen"},"content":{"rendered":"<p>Hinweisschild &#8211; Gewerbe und Privat Nur Toilettenpapier verwenden. Keine Abf\u00e4lle, Binden oder Hartpapier in das WC werfen Gr\u00f6\u00dfe (BxH): 20,0 x 10,0 cm<\/p>\n","protected":false},"excerpt":{"rendered":"<p>Hinweisschild &#8211; Gewerbe und Privat Nur Toilettenpapier verwenden. Keine Abf\u00e4lle, Binden oder Hartpapier in das WC werfen Gr\u00f6\u00dfe (BxH): 20,0 x 10,0 cm<\/p>\n","protected":false},"featured_media":11303,"template":"","meta":[],"product_brand":[],"product_cat":[66],"product_tag":[],"class_list":{"0":"post-11304","1":"product","2":"type-product","3":"status-publish","4":"has-post-thumbnail","6":"product_cat-hinweisschilder","8":"first","9":"instock","10":"taxable","11":"shipping-taxable","12":"purchasable","13":"product-type-simple"},"jetpack_sharing_enabled":true,"_links":{"self":[{"href":"https:\/\/dse-deutschland.de\/Shop_Schilder\/wp-json\/wp\/v2\/product\/11304","targetHints":{"allow":["GET"]}}],"collection":[{"href":"https:\/\/dse-deutschland.de\/Shop_Schilder\/wp-json\/wp\/v2\/product"}],"about":[{"href":"https:\/\/dse-deutschland.de\/Shop_Schilder\/wp-json\/wp\/v2\/types\/product"}],"wp:featuredmedia":[{"embeddable":true,"href":"https:\/\/dse-deutschland.de\/Shop_Schilder\/wp-json\/wp\/v2\/media\/11303"}],"wp:attachment":[{"href":"https:\/\/dse-deutschland.de\/Shop_Schilder\/wp-json\/wp\/v2\/media?parent=11304"}],"wp:term":[{"taxonomy":"product_brand","embeddable":true,"href":"https:\/\/dse-deutschland.de\/Shop_Schilder\/wp-json\/wp\/v2\/product_brand?post=11304"},{"taxonomy":"product_cat","embeddable":true,"href":"https:\/\/dse-deutschland.de\/Shop_Schilder\/wp-json\/wp\/v2\/product_cat?post=11304"},{"taxonomy":"product_tag","embeddable":true,"href":"https:\/\/dse-deutschland.de\/Shop_Schilder\/wp-json\/wp\/v2\/product_tag?post=11304"}],"curies":[{"name":"wp","href":"https:\/\/api.w.org\/{rel}","templated":true}]}}