{"id":11300,"date":"2018-06-20T08:47:28","date_gmt":"2018-06-20T06:47:28","guid":{"rendered":"http:\/\/dse-dueren.de\/Shop_Schilder\/produkt\/hinweisschild-gewerbe-und-privat-man-bittet-diesen-ort-so-zu-verlassen-wie-man-ihn-anzutreffen-wuenscht\/"},"modified":"2022-12-16T14:35:32","modified_gmt":"2022-12-16T13:35:32","slug":"hinweisschild-gewerbe-und-privat-man-bittet-diesen-ort-so-zu-verlassen-wie-man-ihn-anzutreffen-wuenscht","status":"publish","type":"product","link":"https:\/\/dse-deutschland.de\/Shop_Schilder\/produkt\/hinweisschild-gewerbe-und-privat-man-bittet-diesen-ort-so-zu-verlassen-wie-man-ihn-anzutreffen-wuenscht\/","title":{"rendered":"Hinweisschild &#8211; Gewerbe und Privat Man bittet, diesen Ort so zu verlassen, wie man ihn anzutreffen w\u00fcnscht"},"content":{"rendered":"<p>Hinweisschild &#8211; Gewerbe und Privat Man bittet, diesen Ort so zu verlassen, wie man ihn anzutreffen w\u00fcnscht Gr\u00f6\u00dfe (BxH): 20,0 x 10,0 cm<\/p>\n","protected":false},"excerpt":{"rendered":"<p>Hinweisschild &#8211; Gewerbe und Privat Man bittet, diesen Ort so zu verlassen, wie man ihn anzutreffen w\u00fcnscht Gr\u00f6\u00dfe (BxH): 20,0 x 10,0 cm<\/p>\n","protected":false},"featured_media":11299,"template":"","meta":[],"product_brand":[],"product_cat":[66],"product_tag":[],"class_list":{"0":"post-11300","1":"product","2":"type-product","3":"status-publish","4":"has-post-thumbnail","6":"product_cat-hinweisschilder","8":"first","9":"instock","10":"taxable","11":"shipping-taxable","12":"purchasable","13":"product-type-simple"},"jetpack_sharing_enabled":true,"_links":{"self":[{"href":"https:\/\/dse-deutschland.de\/Shop_Schilder\/wp-json\/wp\/v2\/product\/11300","targetHints":{"allow":["GET"]}}],"collection":[{"href":"https:\/\/dse-deutschland.de\/Shop_Schilder\/wp-json\/wp\/v2\/product"}],"about":[{"href":"https:\/\/dse-deutschland.de\/Shop_Schilder\/wp-json\/wp\/v2\/types\/product"}],"wp:featuredmedia":[{"embeddable":true,"href":"https:\/\/dse-deutschland.de\/Shop_Schilder\/wp-json\/wp\/v2\/media\/11299"}],"wp:attachment":[{"href":"https:\/\/dse-deutschland.de\/Shop_Schilder\/wp-json\/wp\/v2\/media?parent=11300"}],"wp:term":[{"taxonomy":"product_brand","embeddable":true,"href":"https:\/\/dse-deutschland.de\/Shop_Schilder\/wp-json\/wp\/v2\/product_brand?post=11300"},{"taxonomy":"product_cat","embeddable":true,"href":"https:\/\/dse-deutschland.de\/Shop_Schilder\/wp-json\/wp\/v2\/product_cat?post=11300"},{"taxonomy":"product_tag","embeddable":true,"href":"https:\/\/dse-deutschland.de\/Shop_Schilder\/wp-json\/wp\/v2\/product_tag?post=11300"}],"curies":[{"name":"wp","href":"https:\/\/api.w.org\/{rel}","templated":true}]}}