{"id":11284,"date":"2018-06-20T08:47:23","date_gmt":"2018-06-20T06:47:23","guid":{"rendered":"http:\/\/dse-dueren.de\/Shop_Schilder\/produkt\/hinweisschild-gewerbe-und-privat-bin-sofort-zurueck-gelocht-mit-2-saugnaepfen\/"},"modified":"2022-12-16T14:35:24","modified_gmt":"2022-12-16T13:35:24","slug":"hinweisschild-gewerbe-und-privat-bin-sofort-zurueck-gelocht-mit-2-saugnaepfen","status":"publish","type":"product","link":"https:\/\/dse-deutschland.de\/Shop_Schilder\/produkt\/hinweisschild-gewerbe-und-privat-bin-sofort-zurueck-gelocht-mit-2-saugnaepfen\/","title":{"rendered":"Hinweisschild &#8211; Gewerbe und Privat Bin sofort zur\u00fcck! gelocht, mit 2 Saugn\u00e4pfen"},"content":{"rendered":"<p>Hinweisschild &#8211; Gewerbe und Privat Bin sofort zur\u00fcck! gelocht, mit 2 Saugn\u00e4pfen Gr\u00f6\u00dfe (BxH): 25,0 x 15,0 cm<\/p>\n","protected":false},"excerpt":{"rendered":"<p>Hinweisschild &#8211; Gewerbe und Privat Bin sofort zur\u00fcck! gelocht, mit 2 Saugn\u00e4pfen Gr\u00f6\u00dfe (BxH): 25,0 x 15,0 cm<\/p>\n","protected":false},"featured_media":11283,"template":"","meta":[],"product_brand":[],"product_cat":[66],"product_tag":[],"class_list":{"0":"post-11284","1":"product","2":"type-product","3":"status-publish","4":"has-post-thumbnail","6":"product_cat-hinweisschilder","8":"first","9":"instock","10":"taxable","11":"shipping-taxable","12":"purchasable","13":"product-type-simple"},"jetpack_sharing_enabled":true,"_links":{"self":[{"href":"https:\/\/dse-deutschland.de\/Shop_Schilder\/wp-json\/wp\/v2\/product\/11284","targetHints":{"allow":["GET"]}}],"collection":[{"href":"https:\/\/dse-deutschland.de\/Shop_Schilder\/wp-json\/wp\/v2\/product"}],"about":[{"href":"https:\/\/dse-deutschland.de\/Shop_Schilder\/wp-json\/wp\/v2\/types\/product"}],"wp:featuredmedia":[{"embeddable":true,"href":"https:\/\/dse-deutschland.de\/Shop_Schilder\/wp-json\/wp\/v2\/media\/11283"}],"wp:attachment":[{"href":"https:\/\/dse-deutschland.de\/Shop_Schilder\/wp-json\/wp\/v2\/media?parent=11284"}],"wp:term":[{"taxonomy":"product_brand","embeddable":true,"href":"https:\/\/dse-deutschland.de\/Shop_Schilder\/wp-json\/wp\/v2\/product_brand?post=11284"},{"taxonomy":"product_cat","embeddable":true,"href":"https:\/\/dse-deutschland.de\/Shop_Schilder\/wp-json\/wp\/v2\/product_cat?post=11284"},{"taxonomy":"product_tag","embeddable":true,"href":"https:\/\/dse-deutschland.de\/Shop_Schilder\/wp-json\/wp\/v2\/product_tag?post=11284"}],"curies":[{"name":"wp","href":"https:\/\/api.w.org\/{rel}","templated":true}]}}