{"id":11244,"date":"2018-06-20T08:46:47","date_gmt":"2018-06-20T06:46:47","guid":{"rendered":"http:\/\/dse-dueren.de\/Shop_Schilder\/produkt\/hinweisschild-fuer-tankanlagen-und-garagen-achtung-tor-oeffnet-und-schliesst-automatisch\/"},"modified":"2022-12-16T14:35:12","modified_gmt":"2022-12-16T13:35:12","slug":"hinweisschild-fuer-tankanlagen-und-garagen-achtung-tor-oeffnet-und-schliesst-automatisch","status":"publish","type":"product","link":"https:\/\/dse-deutschland.de\/Shop_Schilder\/produkt\/hinweisschild-fuer-tankanlagen-und-garagen-achtung-tor-oeffnet-und-schliesst-automatisch\/","title":{"rendered":"Hinweisschild f\u00fcr Tankanlagen und Garagen Achtung! Tor \u00f6ffnet und schlie\u00dft automatisch"},"content":{"rendered":"<p>Hinweisschild f\u00fcr Tankanlagen und Garagen Achtung! Tor \u00f6ffnet und schlie\u00dft automatisch  Gr\u00f6\u00dfe (BxH): 25,0 x 15,0 cm<\/p>\n","protected":false},"excerpt":{"rendered":"<p>Hinweisschild f\u00fcr Tankanlagen und Garagen Achtung! Tor \u00f6ffnet und schlie\u00dft automatisch Gr\u00f6\u00dfe (BxH): 25,0 x 15,0 cm<\/p>\n","protected":false},"featured_media":11243,"template":"","meta":[],"product_brand":[],"product_cat":[66],"product_tag":[],"class_list":{"0":"post-11244","1":"product","2":"type-product","3":"status-publish","4":"has-post-thumbnail","6":"product_cat-hinweisschilder","8":"first","9":"instock","10":"taxable","11":"shipping-taxable","12":"purchasable","13":"product-type-simple"},"jetpack_sharing_enabled":true,"_links":{"self":[{"href":"https:\/\/dse-deutschland.de\/Shop_Schilder\/wp-json\/wp\/v2\/product\/11244","targetHints":{"allow":["GET"]}}],"collection":[{"href":"https:\/\/dse-deutschland.de\/Shop_Schilder\/wp-json\/wp\/v2\/product"}],"about":[{"href":"https:\/\/dse-deutschland.de\/Shop_Schilder\/wp-json\/wp\/v2\/types\/product"}],"wp:featuredmedia":[{"embeddable":true,"href":"https:\/\/dse-deutschland.de\/Shop_Schilder\/wp-json\/wp\/v2\/media\/11243"}],"wp:attachment":[{"href":"https:\/\/dse-deutschland.de\/Shop_Schilder\/wp-json\/wp\/v2\/media?parent=11244"}],"wp:term":[{"taxonomy":"product_brand","embeddable":true,"href":"https:\/\/dse-deutschland.de\/Shop_Schilder\/wp-json\/wp\/v2\/product_brand?post=11244"},{"taxonomy":"product_cat","embeddable":true,"href":"https:\/\/dse-deutschland.de\/Shop_Schilder\/wp-json\/wp\/v2\/product_cat?post=11244"},{"taxonomy":"product_tag","embeddable":true,"href":"https:\/\/dse-deutschland.de\/Shop_Schilder\/wp-json\/wp\/v2\/product_tag?post=11244"}],"curies":[{"name":"wp","href":"https:\/\/api.w.org\/{rel}","templated":true}]}}