{"id":11240,"date":"2018-06-20T08:46:46","date_gmt":"2018-06-20T06:46:46","guid":{"rendered":"http:\/\/dse-dueren.de\/Shop_Schilder\/produkt\/hinweisschild-fuer-tankanlagen-und-garagen-abgase-gefaehrden-die-gesundheit-vermeiden-sie-laengeren-aufenthalt-2\/"},"modified":"2022-12-16T14:35:12","modified_gmt":"2022-12-16T13:35:12","slug":"hinweisschild-fuer-tankanlagen-und-garagen-abgase-gefaehrden-die-gesundheit-vermeiden-sie-laengeren-aufenthalt-2","status":"publish","type":"product","link":"https:\/\/dse-deutschland.de\/Shop_Schilder\/produkt\/hinweisschild-fuer-tankanlagen-und-garagen-abgase-gefaehrden-die-gesundheit-vermeiden-sie-laengeren-aufenthalt-2\/","title":{"rendered":"Hinweisschild f\u00fcr Tankanlagen und Garagen Abgase gef\u00e4hrden die Gesundheit vermeiden Sie l\u00e4ngeren Aufenthalt!"},"content":{"rendered":"<p>Hinweisschild f\u00fcr Tankanlagen und Garagen Abgase gef\u00e4hrden die Gesundheit vermeiden Sie l\u00e4ngeren Aufenthalt! Gr\u00f6\u00dfe (BxH): 40,0 x 25,0 cm<\/p>\n","protected":false},"excerpt":{"rendered":"<p>Hinweisschild f\u00fcr Tankanlagen und Garagen Abgase gef\u00e4hrden die Gesundheit vermeiden Sie l\u00e4ngeren Aufenthalt! Gr\u00f6\u00dfe (BxH): 40,0 x 25,0 cm<\/p>\n","protected":false},"featured_media":11238,"template":"","meta":[],"product_brand":[],"product_cat":[66],"product_tag":[],"class_list":{"0":"post-11240","1":"product","2":"type-product","3":"status-publish","4":"has-post-thumbnail","6":"product_cat-hinweisschilder","8":"first","9":"instock","10":"taxable","11":"shipping-taxable","12":"purchasable","13":"product-type-simple"},"jetpack_sharing_enabled":true,"_links":{"self":[{"href":"https:\/\/dse-deutschland.de\/Shop_Schilder\/wp-json\/wp\/v2\/product\/11240","targetHints":{"allow":["GET"]}}],"collection":[{"href":"https:\/\/dse-deutschland.de\/Shop_Schilder\/wp-json\/wp\/v2\/product"}],"about":[{"href":"https:\/\/dse-deutschland.de\/Shop_Schilder\/wp-json\/wp\/v2\/types\/product"}],"wp:featuredmedia":[{"embeddable":true,"href":"https:\/\/dse-deutschland.de\/Shop_Schilder\/wp-json\/wp\/v2\/media\/11238"}],"wp:attachment":[{"href":"https:\/\/dse-deutschland.de\/Shop_Schilder\/wp-json\/wp\/v2\/media?parent=11240"}],"wp:term":[{"taxonomy":"product_brand","embeddable":true,"href":"https:\/\/dse-deutschland.de\/Shop_Schilder\/wp-json\/wp\/v2\/product_brand?post=11240"},{"taxonomy":"product_cat","embeddable":true,"href":"https:\/\/dse-deutschland.de\/Shop_Schilder\/wp-json\/wp\/v2\/product_cat?post=11240"},{"taxonomy":"product_tag","embeddable":true,"href":"https:\/\/dse-deutschland.de\/Shop_Schilder\/wp-json\/wp\/v2\/product_tag?post=11240"}],"curies":[{"name":"wp","href":"https:\/\/api.w.org\/{rel}","templated":true}]}}