{"id":11215,"date":"2018-06-20T08:46:38","date_gmt":"2018-06-20T06:46:38","guid":{"rendered":"http:\/\/dse-dueren.de\/Shop_Schilder\/produkt\/hinweisschild-zur-baustellenkennzeichnung-gefahr-durch-kran-unbefugter-aufstieg-verboten-berechtigte-zuvor-kranfuehrer-verstaendigen\/"},"modified":"2022-12-16T14:35:04","modified_gmt":"2022-12-16T13:35:04","slug":"hinweisschild-zur-baustellenkennzeichnung-gefahr-durch-kran-unbefugter-aufstieg-verboten-berechtigte-zuvor-kranfuehrer-verstaendigen","status":"publish","type":"product","link":"https:\/\/dse-deutschland.de\/Shop_Schilder\/produkt\/hinweisschild-zur-baustellenkennzeichnung-gefahr-durch-kran-unbefugter-aufstieg-verboten-berechtigte-zuvor-kranfuehrer-verstaendigen\/","title":{"rendered":"Hinweisschild zur Baustellenkennzeichnung Gefahr durch Kran, unbefugter Aufstieg verboten Berechtigte zuvor Kranf\u00fchrer verst\u00e4ndigen"},"content":{"rendered":"<p>Hinweisschild zur Baustellenkennzeichnung Gefahr durch Kran, unbefugter Aufstieg verboten Berechtigte zuvor Kranf\u00fchrer verst\u00e4ndigen Gr\u00f6\u00dfe (BxH): 33,0 x 25,0 cm<\/p>\n","protected":false},"excerpt":{"rendered":"<p>Hinweisschild zur Baustellenkennzeichnung Gefahr durch Kran, unbefugter Aufstieg verboten Berechtigte zuvor Kranf\u00fchrer verst\u00e4ndigen Gr\u00f6\u00dfe (BxH): 33,0 x 25,0 cm<\/p>\n","protected":false},"featured_media":11214,"template":"","meta":[],"product_brand":[],"product_cat":[66],"product_tag":[],"class_list":{"0":"post-11215","1":"product","2":"type-product","3":"status-publish","4":"has-post-thumbnail","6":"product_cat-hinweisschilder","8":"first","9":"instock","10":"taxable","11":"shipping-taxable","12":"purchasable","13":"product-type-simple"},"jetpack_sharing_enabled":true,"_links":{"self":[{"href":"https:\/\/dse-deutschland.de\/Shop_Schilder\/wp-json\/wp\/v2\/product\/11215","targetHints":{"allow":["GET"]}}],"collection":[{"href":"https:\/\/dse-deutschland.de\/Shop_Schilder\/wp-json\/wp\/v2\/product"}],"about":[{"href":"https:\/\/dse-deutschland.de\/Shop_Schilder\/wp-json\/wp\/v2\/types\/product"}],"wp:featuredmedia":[{"embeddable":true,"href":"https:\/\/dse-deutschland.de\/Shop_Schilder\/wp-json\/wp\/v2\/media\/11214"}],"wp:attachment":[{"href":"https:\/\/dse-deutschland.de\/Shop_Schilder\/wp-json\/wp\/v2\/media?parent=11215"}],"wp:term":[{"taxonomy":"product_brand","embeddable":true,"href":"https:\/\/dse-deutschland.de\/Shop_Schilder\/wp-json\/wp\/v2\/product_brand?post=11215"},{"taxonomy":"product_cat","embeddable":true,"href":"https:\/\/dse-deutschland.de\/Shop_Schilder\/wp-json\/wp\/v2\/product_cat?post=11215"},{"taxonomy":"product_tag","embeddable":true,"href":"https:\/\/dse-deutschland.de\/Shop_Schilder\/wp-json\/wp\/v2\/product_tag?post=11215"}],"curies":[{"name":"wp","href":"https:\/\/api.w.org\/{rel}","templated":true}]}}