{"id":11195,"date":"2018-06-20T08:46:20","date_gmt":"2018-06-20T06:46:20","guid":{"rendered":"http:\/\/dse-dueren.de\/Shop_Schilder\/produkt\/hinweisschild-zur-baustellenkennzeichnung-fussgaenger-mit-richtungspfeil-nach-links\/"},"modified":"2022-12-16T14:34:58","modified_gmt":"2022-12-16T13:34:58","slug":"hinweisschild-zur-baustellenkennzeichnung-fussgaenger-mit-richtungspfeil-nach-links","status":"publish","type":"product","link":"https:\/\/dse-deutschland.de\/Shop_Schilder\/produkt\/hinweisschild-zur-baustellenkennzeichnung-fussgaenger-mit-richtungspfeil-nach-links\/","title":{"rendered":"Hinweisschild zur Baustellenkennzeichnung Fu\u00dfg\u00e4nger (mit Richtungspfeil nach links)"},"content":{"rendered":"<p>Hinweisschild zur Baustellenkennzeichnung Fu\u00dfg\u00e4nger (mit Richtungspfeil nach links)  Gr\u00f6\u00dfe (BxH): 50,0 x 30,0 cm<\/p>\n","protected":false},"excerpt":{"rendered":"<p>Hinweisschild zur Baustellenkennzeichnung Fu\u00dfg\u00e4nger (mit Richtungspfeil nach links) Gr\u00f6\u00dfe (BxH): 50,0 x 30,0 cm<\/p>\n","protected":false},"featured_media":11194,"template":"","meta":[],"product_brand":[],"product_cat":[66],"product_tag":[],"class_list":{"0":"post-11195","1":"product","2":"type-product","3":"status-publish","4":"has-post-thumbnail","6":"product_cat-hinweisschilder","8":"first","9":"instock","10":"taxable","11":"shipping-taxable","12":"purchasable","13":"product-type-simple"},"jetpack_sharing_enabled":true,"_links":{"self":[{"href":"https:\/\/dse-deutschland.de\/Shop_Schilder\/wp-json\/wp\/v2\/product\/11195","targetHints":{"allow":["GET"]}}],"collection":[{"href":"https:\/\/dse-deutschland.de\/Shop_Schilder\/wp-json\/wp\/v2\/product"}],"about":[{"href":"https:\/\/dse-deutschland.de\/Shop_Schilder\/wp-json\/wp\/v2\/types\/product"}],"wp:featuredmedia":[{"embeddable":true,"href":"https:\/\/dse-deutschland.de\/Shop_Schilder\/wp-json\/wp\/v2\/media\/11194"}],"wp:attachment":[{"href":"https:\/\/dse-deutschland.de\/Shop_Schilder\/wp-json\/wp\/v2\/media?parent=11195"}],"wp:term":[{"taxonomy":"product_brand","embeddable":true,"href":"https:\/\/dse-deutschland.de\/Shop_Schilder\/wp-json\/wp\/v2\/product_brand?post=11195"},{"taxonomy":"product_cat","embeddable":true,"href":"https:\/\/dse-deutschland.de\/Shop_Schilder\/wp-json\/wp\/v2\/product_cat?post=11195"},{"taxonomy":"product_tag","embeddable":true,"href":"https:\/\/dse-deutschland.de\/Shop_Schilder\/wp-json\/wp\/v2\/product_tag?post=11195"}],"curies":[{"name":"wp","href":"https:\/\/api.w.org\/{rel}","templated":true}]}}