{"id":11186,"date":"2018-06-20T08:46:17","date_gmt":"2018-06-20T06:46:17","guid":{"rendered":"http:\/\/dse-dueren.de\/Shop_Schilder\/produkt\/hinweisschild-zur-baustellenkennzeichnung-betreten-der-baustelle-verboten-eltern-haften-fuer-ihre-kinder\/"},"modified":"2022-12-16T14:34:56","modified_gmt":"2022-12-16T13:34:56","slug":"hinweisschild-zur-baustellenkennzeichnung-betreten-der-baustelle-verboten-eltern-haften-fuer-ihre-kinder","status":"publish","type":"product","link":"https:\/\/dse-deutschland.de\/Shop_Schilder\/produkt\/hinweisschild-zur-baustellenkennzeichnung-betreten-der-baustelle-verboten-eltern-haften-fuer-ihre-kinder\/","title":{"rendered":"Hinweisschild zur Baustellenkennzeichnung Betreten der Baustelle verboten Eltern haften f\u00fcr ihre Kinder"},"content":{"rendered":"<p>Hinweisschild zur Baustellenkennzeichnung Betreten der Baustelle verboten Eltern haften f\u00fcr ihre Kinder Gr\u00f6\u00dfe (BxH): 33,0 x 25,0 cm<\/p>\n","protected":false},"excerpt":{"rendered":"<p>Hinweisschild zur Baustellenkennzeichnung Betreten der Baustelle verboten Eltern haften f\u00fcr ihre Kinder Gr\u00f6\u00dfe (BxH): 33,0 x 25,0 cm<\/p>\n","protected":false},"featured_media":11185,"template":"","meta":[],"product_brand":[],"product_cat":[66],"product_tag":[],"class_list":{"0":"post-11186","1":"product","2":"type-product","3":"status-publish","4":"has-post-thumbnail","6":"product_cat-hinweisschilder","8":"first","9":"instock","10":"taxable","11":"shipping-taxable","12":"purchasable","13":"product-type-simple"},"jetpack_sharing_enabled":true,"_links":{"self":[{"href":"https:\/\/dse-deutschland.de\/Shop_Schilder\/wp-json\/wp\/v2\/product\/11186","targetHints":{"allow":["GET"]}}],"collection":[{"href":"https:\/\/dse-deutschland.de\/Shop_Schilder\/wp-json\/wp\/v2\/product"}],"about":[{"href":"https:\/\/dse-deutschland.de\/Shop_Schilder\/wp-json\/wp\/v2\/types\/product"}],"wp:featuredmedia":[{"embeddable":true,"href":"https:\/\/dse-deutschland.de\/Shop_Schilder\/wp-json\/wp\/v2\/media\/11185"}],"wp:attachment":[{"href":"https:\/\/dse-deutschland.de\/Shop_Schilder\/wp-json\/wp\/v2\/media?parent=11186"}],"wp:term":[{"taxonomy":"product_brand","embeddable":true,"href":"https:\/\/dse-deutschland.de\/Shop_Schilder\/wp-json\/wp\/v2\/product_brand?post=11186"},{"taxonomy":"product_cat","embeddable":true,"href":"https:\/\/dse-deutschland.de\/Shop_Schilder\/wp-json\/wp\/v2\/product_cat?post=11186"},{"taxonomy":"product_tag","embeddable":true,"href":"https:\/\/dse-deutschland.de\/Shop_Schilder\/wp-json\/wp\/v2\/product_tag?post=11186"}],"curies":[{"name":"wp","href":"https:\/\/api.w.org\/{rel}","templated":true}]}}