{"id":11108,"date":"2018-06-20T08:45:29","date_gmt":"2018-06-20T06:45:29","guid":{"rendered":"http:\/\/dse-dueren.de\/Shop_Schilder\/produkt\/verkehrsschild-betriebskennzeichnung-auf-dem-werksgelaende-gilt-die-stvo-geschwindigkeit-10\/"},"modified":"2022-12-16T14:34:29","modified_gmt":"2022-12-16T13:34:29","slug":"verkehrsschild-betriebskennzeichnung-auf-dem-werksgelaende-gilt-die-stvo-geschwindigkeit-10","status":"publish","type":"product","link":"https:\/\/dse-deutschland.de\/Shop_Schilder\/produkt\/verkehrsschild-betriebskennzeichnung-auf-dem-werksgelaende-gilt-die-stvo-geschwindigkeit-10\/","title":{"rendered":"Verkehrsschild &#8211; Betriebskennzeichnung Auf dem Werksgel\u00e4nde gilt die StVO Geschwindigkeit 10"},"content":{"rendered":"<p>Verkehrsschild &#8211; Betriebskennzeichnung Auf dem Werksgel\u00e4nde gilt die StVO Geschwindigkeit 10 Gr\u00f6\u00dfe (BxH): 60,0 x 40,0 cm<\/p>\n","protected":false},"excerpt":{"rendered":"<p>Verkehrsschild &#8211; Betriebskennzeichnung Auf dem Werksgel\u00e4nde gilt die StVO Geschwindigkeit 10 Gr\u00f6\u00dfe (BxH): 60,0 x 40,0 cm<\/p>\n","protected":false},"featured_media":11107,"template":"","meta":[],"product_brand":[],"product_cat":[128],"product_tag":[],"class_list":{"0":"post-11108","1":"product","2":"type-product","3":"status-publish","4":"has-post-thumbnail","6":"product_cat-verkehrszeichen","8":"first","9":"instock","10":"taxable","11":"shipping-taxable","12":"purchasable","13":"product-type-simple"},"jetpack_sharing_enabled":true,"_links":{"self":[{"href":"https:\/\/dse-deutschland.de\/Shop_Schilder\/wp-json\/wp\/v2\/product\/11108","targetHints":{"allow":["GET"]}}],"collection":[{"href":"https:\/\/dse-deutschland.de\/Shop_Schilder\/wp-json\/wp\/v2\/product"}],"about":[{"href":"https:\/\/dse-deutschland.de\/Shop_Schilder\/wp-json\/wp\/v2\/types\/product"}],"wp:featuredmedia":[{"embeddable":true,"href":"https:\/\/dse-deutschland.de\/Shop_Schilder\/wp-json\/wp\/v2\/media\/11107"}],"wp:attachment":[{"href":"https:\/\/dse-deutschland.de\/Shop_Schilder\/wp-json\/wp\/v2\/media?parent=11108"}],"wp:term":[{"taxonomy":"product_brand","embeddable":true,"href":"https:\/\/dse-deutschland.de\/Shop_Schilder\/wp-json\/wp\/v2\/product_brand?post=11108"},{"taxonomy":"product_cat","embeddable":true,"href":"https:\/\/dse-deutschland.de\/Shop_Schilder\/wp-json\/wp\/v2\/product_cat?post=11108"},{"taxonomy":"product_tag","embeddable":true,"href":"https:\/\/dse-deutschland.de\/Shop_Schilder\/wp-json\/wp\/v2\/product_tag?post=11108"}],"curies":[{"name":"wp","href":"https:\/\/api.w.org\/{rel}","templated":true}]}}