{"id":10957,"date":"2018-06-20T08:44:02","date_gmt":"2018-06-20T06:44:02","guid":{"rendered":"http:\/\/dse-dueren.de\/Shop_Schilder\/produkt\/zusatzzeichen-stvo-eingeschraenkter-winterdienst-kein-offizielles-zusatzzeichen-nach-stvo\/"},"modified":"2022-12-16T14:33:32","modified_gmt":"2022-12-16T13:33:32","slug":"zusatzzeichen-stvo-eingeschraenkter-winterdienst-kein-offizielles-zusatzzeichen-nach-stvo","status":"publish","type":"product","link":"https:\/\/dse-deutschland.de\/Shop_Schilder\/produkt\/zusatzzeichen-stvo-eingeschraenkter-winterdienst-kein-offizielles-zusatzzeichen-nach-stvo\/","title":{"rendered":"Zusatzzeichen &#8211; StVO eingeschr\u00e4nkter Winterdienst kein offizielles  Zusatzzeichen nach StVO"},"content":{"rendered":"<p>Zusatzzeichen &#8211; StVO eingeschr\u00e4nkter Winterdienst kein offizielles  Zusatzzeichen nach StVO Gr\u00f6\u00dfe (BxH): 60,0 x 33,0 cm<\/p>\n","protected":false},"excerpt":{"rendered":"<p>Zusatzzeichen &#8211; StVO eingeschr\u00e4nkter Winterdienst kein offizielles Zusatzzeichen nach StVO Gr\u00f6\u00dfe (BxH): 60,0 x 33,0 cm<\/p>\n","protected":false},"featured_media":10956,"template":"","meta":[],"product_brand":[],"product_cat":[128],"product_tag":[],"class_list":{"0":"post-10957","1":"product","2":"type-product","3":"status-publish","4":"has-post-thumbnail","6":"product_cat-verkehrszeichen","8":"first","9":"instock","10":"taxable","11":"shipping-taxable","12":"purchasable","13":"product-type-simple"},"jetpack_sharing_enabled":true,"_links":{"self":[{"href":"https:\/\/dse-deutschland.de\/Shop_Schilder\/wp-json\/wp\/v2\/product\/10957","targetHints":{"allow":["GET"]}}],"collection":[{"href":"https:\/\/dse-deutschland.de\/Shop_Schilder\/wp-json\/wp\/v2\/product"}],"about":[{"href":"https:\/\/dse-deutschland.de\/Shop_Schilder\/wp-json\/wp\/v2\/types\/product"}],"wp:featuredmedia":[{"embeddable":true,"href":"https:\/\/dse-deutschland.de\/Shop_Schilder\/wp-json\/wp\/v2\/media\/10956"}],"wp:attachment":[{"href":"https:\/\/dse-deutschland.de\/Shop_Schilder\/wp-json\/wp\/v2\/media?parent=10957"}],"wp:term":[{"taxonomy":"product_brand","embeddable":true,"href":"https:\/\/dse-deutschland.de\/Shop_Schilder\/wp-json\/wp\/v2\/product_brand?post=10957"},{"taxonomy":"product_cat","embeddable":true,"href":"https:\/\/dse-deutschland.de\/Shop_Schilder\/wp-json\/wp\/v2\/product_cat?post=10957"},{"taxonomy":"product_tag","embeddable":true,"href":"https:\/\/dse-deutschland.de\/Shop_Schilder\/wp-json\/wp\/v2\/product_tag?post=10957"}],"curies":[{"name":"wp","href":"https:\/\/api.w.org\/{rel}","templated":true}]}}