{"id":10935,"date":"2018-06-20T08:43:43","date_gmt":"2018-06-20T06:43:43","guid":{"rendered":"http:\/\/dse-dueren.de\/Shop_Schilder\/produkt\/verkehrszeichen-stvo-vorfahrtstrasse-2\/"},"modified":"2022-12-16T14:33:27","modified_gmt":"2022-12-16T13:33:27","slug":"verkehrszeichen-stvo-vorfahrtstrasse-2","status":"publish","type":"product","link":"https:\/\/dse-deutschland.de\/Shop_Schilder\/produkt\/verkehrszeichen-stvo-vorfahrtstrasse-2\/","title":{"rendered":"Verkehrszeichen &#8211; StVO Vorfahrtstra\u00dfe"},"content":{"rendered":"<p>Verkehrszeichen &#8211; StVO Vorfahrtstra\u00dfe  Gr\u00f6\u00dfe (BxH): 60,0 x 60,0 cm<\/p>\n","protected":false},"excerpt":{"rendered":"<p>Verkehrszeichen &#8211; StVO Vorfahrtstra\u00dfe Gr\u00f6\u00dfe (BxH): 60,0 x 60,0 cm<\/p>\n","protected":false},"featured_media":10933,"template":"","meta":[],"product_brand":[],"product_cat":[128],"product_tag":[],"class_list":{"0":"post-10935","1":"product","2":"type-product","3":"status-publish","4":"has-post-thumbnail","6":"product_cat-verkehrszeichen","8":"first","9":"instock","10":"taxable","11":"shipping-taxable","12":"purchasable","13":"product-type-simple"},"jetpack_sharing_enabled":true,"_links":{"self":[{"href":"https:\/\/dse-deutschland.de\/Shop_Schilder\/wp-json\/wp\/v2\/product\/10935","targetHints":{"allow":["GET"]}}],"collection":[{"href":"https:\/\/dse-deutschland.de\/Shop_Schilder\/wp-json\/wp\/v2\/product"}],"about":[{"href":"https:\/\/dse-deutschland.de\/Shop_Schilder\/wp-json\/wp\/v2\/types\/product"}],"wp:featuredmedia":[{"embeddable":true,"href":"https:\/\/dse-deutschland.de\/Shop_Schilder\/wp-json\/wp\/v2\/media\/10933"}],"wp:attachment":[{"href":"https:\/\/dse-deutschland.de\/Shop_Schilder\/wp-json\/wp\/v2\/media?parent=10935"}],"wp:term":[{"taxonomy":"product_brand","embeddable":true,"href":"https:\/\/dse-deutschland.de\/Shop_Schilder\/wp-json\/wp\/v2\/product_brand?post=10935"},{"taxonomy":"product_cat","embeddable":true,"href":"https:\/\/dse-deutschland.de\/Shop_Schilder\/wp-json\/wp\/v2\/product_cat?post=10935"},{"taxonomy":"product_tag","embeddable":true,"href":"https:\/\/dse-deutschland.de\/Shop_Schilder\/wp-json\/wp\/v2\/product_tag?post=10935"}],"curies":[{"name":"wp","href":"https:\/\/api.w.org\/{rel}","templated":true}]}}