{"id":10904,"date":"2018-06-20T08:43:32","date_gmt":"2018-06-20T06:43:32","guid":{"rendered":"http:\/\/dse-dueren.de\/Shop_Schilder\/produkt\/verkehrszeichen-stvo-verbot-fuer-fahrzeuge-ueber-bestimmte-breite-mit-breitenangabe-nach-wahl\/"},"modified":"2022-12-16T14:33:17","modified_gmt":"2022-12-16T13:33:17","slug":"verkehrszeichen-stvo-verbot-fuer-fahrzeuge-ueber-bestimmte-breite-mit-breitenangabe-nach-wahl","status":"publish","type":"product","link":"https:\/\/dse-deutschland.de\/Shop_Schilder\/produkt\/verkehrszeichen-stvo-verbot-fuer-fahrzeuge-ueber-bestimmte-breite-mit-breitenangabe-nach-wahl\/","title":{"rendered":"Verkehrszeichen &#8211; StVO Verbot f\u00fcr Fahrzeuge \u00fcber bestimmte Breite mit Breitenangabe nach Wahl"},"content":{"rendered":"<p>Verkehrszeichen &#8211; StVO Verbot f\u00fcr Fahrzeuge \u00fcber bestimmte Breite mit Breitenangabe nach Wahl Gr\u00f6\u00dfe (Durchm.): 42,0 cm<\/p>\n","protected":false},"excerpt":{"rendered":"<p>Verkehrszeichen &#8211; StVO Verbot f\u00fcr Fahrzeuge \u00fcber bestimmte Breite mit Breitenangabe nach Wahl Gr\u00f6\u00dfe (Durchm.): 42,0 cm<\/p>\n","protected":false},"featured_media":10903,"template":"","meta":[],"product_brand":[],"product_cat":[128],"product_tag":[],"class_list":{"0":"post-10904","1":"product","2":"type-product","3":"status-publish","4":"has-post-thumbnail","6":"product_cat-verkehrszeichen","8":"first","9":"instock","10":"taxable","11":"shipping-taxable","12":"purchasable","13":"product-type-simple"},"jetpack_sharing_enabled":true,"_links":{"self":[{"href":"https:\/\/dse-deutschland.de\/Shop_Schilder\/wp-json\/wp\/v2\/product\/10904","targetHints":{"allow":["GET"]}}],"collection":[{"href":"https:\/\/dse-deutschland.de\/Shop_Schilder\/wp-json\/wp\/v2\/product"}],"about":[{"href":"https:\/\/dse-deutschland.de\/Shop_Schilder\/wp-json\/wp\/v2\/types\/product"}],"wp:featuredmedia":[{"embeddable":true,"href":"https:\/\/dse-deutschland.de\/Shop_Schilder\/wp-json\/wp\/v2\/media\/10903"}],"wp:attachment":[{"href":"https:\/\/dse-deutschland.de\/Shop_Schilder\/wp-json\/wp\/v2\/media?parent=10904"}],"wp:term":[{"taxonomy":"product_brand","embeddable":true,"href":"https:\/\/dse-deutschland.de\/Shop_Schilder\/wp-json\/wp\/v2\/product_brand?post=10904"},{"taxonomy":"product_cat","embeddable":true,"href":"https:\/\/dse-deutschland.de\/Shop_Schilder\/wp-json\/wp\/v2\/product_cat?post=10904"},{"taxonomy":"product_tag","embeddable":true,"href":"https:\/\/dse-deutschland.de\/Shop_Schilder\/wp-json\/wp\/v2\/product_tag?post=10904"}],"curies":[{"name":"wp","href":"https:\/\/api.w.org\/{rel}","templated":true}]}}