{"id":10708,"date":"2018-06-19T17:44:09","date_gmt":"2018-06-19T15:44:09","guid":{"rendered":"http:\/\/dse-dueren.de\/Shop_Schilder\/produkt\/knuffi-shg-warn-und-schutzprofil-kantenschutz-winkel-gelb-schwarz-selbstklebend\/"},"modified":"2022-12-16T14:31:59","modified_gmt":"2022-12-16T13:31:59","slug":"knuffi-shg-warn-und-schutzprofil-kantenschutz-winkel-gelb-schwarz-selbstklebend","status":"publish","type":"product","link":"https:\/\/dse-deutschland.de\/Shop_Schilder\/produkt\/knuffi-shg-warn-und-schutzprofil-kantenschutz-winkel-gelb-schwarz-selbstklebend\/","title":{"rendered":"Knuffi SHG Warn- und Schutzprofil &#8211; Kantenschutz Winkel gelb\/schwarz selbstklebend"},"content":{"rendered":"<p>Knuffi SHG Warn- und Schutzprofil &#8211; Kantenschutz Winkel gelb\/schwarz selbstklebend Typ H+, Au\u00dfenma\u00df (LxBxH): 100,0 x 6,0 x 6,0 cm, Innenma\u00df: 4,8 x 4,8 cm<\/p>\n","protected":false},"excerpt":{"rendered":"<p>Knuffi SHG Warn- und Schutzprofil &#8211; Kantenschutz Winkel gelb\/schwarz selbstklebend Typ H+, Au\u00dfenma\u00df (LxBxH): 100,0 x 6,0 x 6,0 cm, Innenma\u00df: 4,8 x 4,8 cm<\/p>\n","protected":false},"featured_media":2509,"template":"","meta":[],"product_brand":[],"product_cat":[41],"product_tag":[],"class_list":{"0":"post-10708","1":"product","2":"type-product","3":"status-publish","4":"has-post-thumbnail","6":"product_cat-warn-und-schutzprofile","8":"first","9":"instock","10":"taxable","11":"shipping-taxable","12":"purchasable","13":"product-type-simple"},"jetpack_sharing_enabled":true,"_links":{"self":[{"href":"https:\/\/dse-deutschland.de\/Shop_Schilder\/wp-json\/wp\/v2\/product\/10708","targetHints":{"allow":["GET"]}}],"collection":[{"href":"https:\/\/dse-deutschland.de\/Shop_Schilder\/wp-json\/wp\/v2\/product"}],"about":[{"href":"https:\/\/dse-deutschland.de\/Shop_Schilder\/wp-json\/wp\/v2\/types\/product"}],"wp:featuredmedia":[{"embeddable":true,"href":"https:\/\/dse-deutschland.de\/Shop_Schilder\/wp-json\/wp\/v2\/media\/2509"}],"wp:attachment":[{"href":"https:\/\/dse-deutschland.de\/Shop_Schilder\/wp-json\/wp\/v2\/media?parent=10708"}],"wp:term":[{"taxonomy":"product_brand","embeddable":true,"href":"https:\/\/dse-deutschland.de\/Shop_Schilder\/wp-json\/wp\/v2\/product_brand?post=10708"},{"taxonomy":"product_cat","embeddable":true,"href":"https:\/\/dse-deutschland.de\/Shop_Schilder\/wp-json\/wp\/v2\/product_cat?post=10708"},{"taxonomy":"product_tag","embeddable":true,"href":"https:\/\/dse-deutschland.de\/Shop_Schilder\/wp-json\/wp\/v2\/product_tag?post=10708"}],"curies":[{"name":"wp","href":"https:\/\/api.w.org\/{rel}","templated":true}]}}