{"id":10704,"date":"2018-06-19T17:32:40","date_gmt":"2018-06-19T15:32:40","guid":{"rendered":"http:\/\/dse-dueren.de\/Shop_Schilder\/produkt\/tueranhaenger-kehrwoche\/"},"modified":"2022-12-16T14:31:56","modified_gmt":"2022-12-16T13:31:56","slug":"tueranhaenger-kehrwoche","status":"publish","type":"product","link":"https:\/\/dse-deutschland.de\/Shop_Schilder\/produkt\/tueranhaenger-kehrwoche\/","title":{"rendered":"T\u00fcranh\u00e4nger Kehrwoche"},"content":{"rendered":"<p>T\u00fcranh\u00e4nger Kehrwoche  Gr\u00f6\u00dfe (BxH): 10,0 x 21,0 cm<\/p>\n","protected":false},"excerpt":{"rendered":"<p>T\u00fcranh\u00e4nger Kehrwoche Gr\u00f6\u00dfe (BxH): 10,0 x 21,0 cm<\/p>\n","protected":false},"featured_media":109,"template":"","meta":[],"product_brand":[],"product_cat":[66],"product_tag":[],"class_list":{"0":"post-10704","1":"product","2":"type-product","3":"status-publish","4":"has-post-thumbnail","6":"product_cat-hinweisschilder","8":"first","9":"instock","10":"taxable","11":"shipping-taxable","12":"purchasable","13":"product-type-simple"},"jetpack_sharing_enabled":true,"_links":{"self":[{"href":"https:\/\/dse-deutschland.de\/Shop_Schilder\/wp-json\/wp\/v2\/product\/10704","targetHints":{"allow":["GET"]}}],"collection":[{"href":"https:\/\/dse-deutschland.de\/Shop_Schilder\/wp-json\/wp\/v2\/product"}],"about":[{"href":"https:\/\/dse-deutschland.de\/Shop_Schilder\/wp-json\/wp\/v2\/types\/product"}],"wp:featuredmedia":[{"embeddable":true,"href":"https:\/\/dse-deutschland.de\/Shop_Schilder\/wp-json\/wp\/v2\/media\/109"}],"wp:attachment":[{"href":"https:\/\/dse-deutschland.de\/Shop_Schilder\/wp-json\/wp\/v2\/media?parent=10704"}],"wp:term":[{"taxonomy":"product_brand","embeddable":true,"href":"https:\/\/dse-deutschland.de\/Shop_Schilder\/wp-json\/wp\/v2\/product_brand?post=10704"},{"taxonomy":"product_cat","embeddable":true,"href":"https:\/\/dse-deutschland.de\/Shop_Schilder\/wp-json\/wp\/v2\/product_cat?post=10704"},{"taxonomy":"product_tag","embeddable":true,"href":"https:\/\/dse-deutschland.de\/Shop_Schilder\/wp-json\/wp\/v2\/product_tag?post=10704"}],"curies":[{"name":"wp","href":"https:\/\/api.w.org\/{rel}","templated":true}]}}