{"id":10703,"date":"2018-06-19T17:32:12","date_gmt":"2018-06-19T15:32:12","guid":{"rendered":"http:\/\/dse-dueren.de\/Shop_Schilder\/produkt\/hinweisschild-grundbesitzkennzeichnung-symbol-schaeferhundkopf-text-ich-halte-wacht-betreten-auf-eigene-gefahr\/"},"modified":"2022-12-16T14:31:56","modified_gmt":"2022-12-16T13:31:56","slug":"hinweisschild-grundbesitzkennzeichnung-symbol-schaeferhundkopf-text-ich-halte-wacht-betreten-auf-eigene-gefahr","status":"publish","type":"product","link":"https:\/\/dse-deutschland.de\/Shop_Schilder\/produkt\/hinweisschild-grundbesitzkennzeichnung-symbol-schaeferhundkopf-text-ich-halte-wacht-betreten-auf-eigene-gefahr\/","title":{"rendered":"Hinweisschild &#8211; Grundbesitzkennzeichnung Symbol: Sch\u00e4ferhundkopf Text: Ich halte Wacht Betreten auf eigene Gefahr"},"content":{"rendered":"<p>Hinweisschild &#8211; Grundbesitzkennzeichnung Symbol: Sch\u00e4ferhundkopf Text: Ich halte Wacht Betreten auf eigene Gefahr Gr\u00f6\u00dfe (BxH): 12,0 x 15,0 cm<\/p>\n","protected":false},"excerpt":{"rendered":"<p>Hinweisschild &#8211; Grundbesitzkennzeichnung Symbol: Sch\u00e4ferhundkopf Text: Ich halte Wacht Betreten auf eigene Gefahr Gr\u00f6\u00dfe (BxH): 12,0 x 15,0 cm<\/p>\n","protected":false},"featured_media":429,"template":"","meta":[],"product_brand":[],"product_cat":[66],"product_tag":[],"class_list":{"0":"post-10703","1":"product","2":"type-product","3":"status-publish","4":"has-post-thumbnail","6":"product_cat-hinweisschilder","8":"first","9":"instock","10":"taxable","11":"shipping-taxable","12":"purchasable","13":"product-type-simple"},"jetpack_sharing_enabled":true,"_links":{"self":[{"href":"https:\/\/dse-deutschland.de\/Shop_Schilder\/wp-json\/wp\/v2\/product\/10703","targetHints":{"allow":["GET"]}}],"collection":[{"href":"https:\/\/dse-deutschland.de\/Shop_Schilder\/wp-json\/wp\/v2\/product"}],"about":[{"href":"https:\/\/dse-deutschland.de\/Shop_Schilder\/wp-json\/wp\/v2\/types\/product"}],"wp:featuredmedia":[{"embeddable":true,"href":"https:\/\/dse-deutschland.de\/Shop_Schilder\/wp-json\/wp\/v2\/media\/429"}],"wp:attachment":[{"href":"https:\/\/dse-deutschland.de\/Shop_Schilder\/wp-json\/wp\/v2\/media?parent=10703"}],"wp:term":[{"taxonomy":"product_brand","embeddable":true,"href":"https:\/\/dse-deutschland.de\/Shop_Schilder\/wp-json\/wp\/v2\/product_brand?post=10703"},{"taxonomy":"product_cat","embeddable":true,"href":"https:\/\/dse-deutschland.de\/Shop_Schilder\/wp-json\/wp\/v2\/product_cat?post=10703"},{"taxonomy":"product_tag","embeddable":true,"href":"https:\/\/dse-deutschland.de\/Shop_Schilder\/wp-json\/wp\/v2\/product_tag?post=10703"}],"curies":[{"name":"wp","href":"https:\/\/api.w.org\/{rel}","templated":true}]}}